{"id":812,"date":"2023-06-21T11:29:38","date_gmt":"2023-06-21T11:29:38","guid":{"rendered":"https:\/\/truteratrade.com\/about-us\/"},"modified":"2026-05-04T23:02:04","modified_gmt":"2026-05-04T23:02:04","slug":"about-us","status":"publish","type":"page","link":"https:\/\/truteratrade.com\/cs\/about-us\/","title":{"rendered":"O n\u00e1s"},"content":{"rendered":"<p>Byl navr\u017een tak, aby umo\u017enil nov\u00e9 generaci obchodn\u00edk\u016f s kryptom\u011bnami posunout sv\u00e9 obchodov\u00e1n\u00ed na vy\u0161\u0161\u00ed \u00farove\u0148 a vyu\u017e\u00edt potenci\u00e1l um\u011bl\u00e9 inteligence. A\u0165 u\u017e jste za\u010d\u00e1te\u010dn\u00edk tou\u017e\u00edc\u00ed po nov\u00fdch znalostech, nebo zku\u0161en\u00fd obchodn\u00edk hledaj\u00edc\u00ed zp\u016fsoby, jak zdokonalit sv\u00e9 strategie, Trutera Trade je va\u0161\u00ed d\u016fv\u011bryhodnou komunitou, znalostn\u00ed z\u00e1kladnou a zdrojem pro obchodov\u00e1n\u00ed.<\/p>\n<h2>Na\u0161e mise<\/h2>\n<p>Sv\u011bt se vyv\u00edj\u00ed a vede jej ten, kdo m\u00e1 znalosti; v Trutera Trade v\u011b\u0159\u00edme, \u017ee znalosti jsou moc, a budoucnost obchodov\u00e1n\u00ed s kryptom\u011bnami spo\u010d\u00edv\u00e1 ve vyu\u017eit\u00ed s\u00edly um\u011bl\u00e9 inteligence. N\u00e1\u0161 t\u00fdm je poh\u00e1n\u011bn p\u0159esv\u011bd\u010den\u00edm, \u017ee nejmodern\u011bj\u0161\u00ed technologie v kombinaci s prvot\u0159\u00eddn\u00edm vzd\u011bl\u00e1n\u00edm v\u00e1m umo\u017en\u00ed obchodovat chyt\u0159eji, rychleji a s v\u011bt\u0161\u00ed jistotou v neust\u00e1le se m\u011bn\u00edc\u00edm prost\u0159ed\u00ed.<\/p>\n<p>Nab\u00edz\u00edme tr\u017en\u00ed informace ve form\u011b doporu\u010den\u00ed, kter\u00e9 v\u00e1m umo\u017en\u00ed \u010dinit informovan\u00e1 a daty podlo\u017een\u00e1 rozhodnut\u00ed m\u00edsto n\u00e1sledov\u00e1n\u00ed tr\u017en\u00edho \u0161umu\u2014abyste v\u017edy obchodovali s jasn\u00fdm vhledem.<\/p>\n<h2>Na\u0161e vize<\/h2>\n<p>Na\u0161\u00ed viz\u00ed je zm\u011bnit vn\u00edm\u00e1n\u00ed, \u017ee obchodov\u00e1n\u00ed s kryptom\u011bnami je pro \u0161irokou ve\u0159ejnost nedostupn\u00e9, riskantn\u00ed a nev\u00fdhodn\u00e9. S Trutera Trade je tento sv\u011bt ji\u017e na dosah. Na\u0161\u00edm posl\u00e1n\u00edm je d\u00e1t v\u0161em obchodn\u00edk\u016fm p\u0159\u00edstup k nejlep\u0161\u00edm n\u00e1stroj\u016fm, znalostem a sebev\u011bdom\u00ed v dynamick\u00e9m sv\u011bt\u011b krypta, aby mohli usp\u011bt. Zavazujeme se poskytovat ka\u017ed\u00e9mu obchodn\u00edkovi ty spr\u00e1vn\u00e9 zdroje, informace a jistotu k prosperit\u011b v neust\u00e1le se vyv\u00edjej\u00edc\u00edm kryptosv\u011bt\u011b.<\/p>\n<h2>\u010c\u00edm je Trutera Trade jedine\u010dn\u00fd?<\/h2>\n<p>Povy\u0161te svou cestu sv\u011btem krypta d\u00edky nejnov\u011bj\u0161\u00edm pokrok\u016fm v oblasti syst\u00e9m\u016f um\u011bl\u00e9 inteligence, \u0161pi\u010dkov\u00fdm bezpe\u010dnostn\u00edm standard\u016fm a pr\u00e9miov\u00fdm vzd\u011bl\u00e1vac\u00edm zdroj\u016fm. Co odli\u0161uje Trutera Trade od ostatn\u00edch:<\/p>\n<h3>Upozorn\u011bn\u00ed poh\u00e1n\u011bn\u00e1 AI<\/h3>\n<p>Dost\u00e1vejte v\u010dasn\u00e9 upozorn\u011bn\u00ed, vyu\u017e\u00edvaj\u00edc\u00ed um\u011blou inteligenci k anal\u00fdze tr\u017en\u00edch trend\u016f a informov\u00e1n\u00ed o nejlep\u0161\u00edch p\u0159\u00edle\u017eitostech pro zv\u00fd\u0161en\u00ed p\u0159esnosti a ziskovosti va\u0161ich obchod\u016f.<\/p>\n<h3>Komplexn\u00ed v\u00fdukov\u00e9 n\u00e1stroje<\/h3>\n<p>A\u0165 u\u017e se teprve u\u010d\u00edte z\u00e1klady, nebo se pou\u0161t\u00edte do pokro\u010dil\u00fdch obchodn\u00edch taktik, Trutera Trade nab\u00edz\u00ed odborn\u011b p\u0159ipraven\u00fd obsah pro v\u0161echny \u00farovn\u011b pokro\u010dilosti.<\/p>\n<h3>Aktu\u00e1ln\u00ed tr\u017en\u00ed data &amp; anal\u00fdzy<\/h3>\n<p>Z\u016fsta\u0148te nap\u0159ed d\u00edky statistik\u00e1m v re\u00e1ln\u00e9m \u010dase, sledov\u00e1n\u00ed trend\u016f a p\u0159esn\u00fdm predikc\u00edm, kter\u00e9 zdokonal\u00ed va\u0161e investi\u010dn\u00ed rozhodov\u00e1n\u00ed.<\/p>\n<h3>\u0160pi\u010dkov\u00e1 bezpe\u010dnost<\/h3>\n<p>Obchodujte s klidnou mysl\u00ed. Va\u0161e digit\u00e1ln\u00ed data a aktiva jsou \u0161ifrov\u00e1na a chr\u00e1n\u011bna nejvy\u0161\u0161\u00edmi bezpe\u010dnostn\u00edmi standardy v oboru.<\/p>\n<h2>Lid\u00e9 stoj\u00edc\u00ed za Trutera Trade<\/h2>\n<p>Projekt byl vytvo\u0159en t\u00fdmem zku\u0161en\u00fdch odborn\u00edk\u016f na kryptom\u011bny, obchodn\u00edk\u016f, v\u00fdvoj\u00e1\u0159\u016f a finan\u010dn\u00edch profesion\u00e1l\u016f, kte\u0159\u00ed rozpoznali tr\u017en\u00ed popt\u00e1vku po bezpe\u010dn\u00e9 AI platform\u011b bezprobl\u00e9mov\u011b propojuj\u00edc\u00ed vzd\u011bl\u00e1n\u00ed s v\u00fdkonem.<\/p>\n<p>N\u00e1\u0161 t\u00fdm se ji\u017e \u0159adu let aktivn\u011b v\u011bnuje blockchainu, fintechu a algoritmick\u00e9mu obchodov\u00e1n\u00ed a nyn\u00ed si klade za c\u00edl posunout hranice toho, \u010deho mohou obchodn\u00edci s t\u011bmi spr\u00e1vn\u00fdmi n\u00e1stroji a podporou dos\u00e1hnout.<\/p>\n<p>Netvo\u0159\u00edme pouze platformu\u2014formujeme budoucnost, kde ka\u017ed\u00fd obchodn\u00edk s kryptom\u011bnami p\u016fsob\u00ed sebejist\u011b, bezpe\u010dn\u011b a ziskov\u011b.<\/p>\n<h2>Jak v\u00e1s chr\u00e1n\u00edme<\/h2>\n<p>Trutera Trade stav\u00ed na bezpe\u010dnosti. Zavedli jsme ochranu odpov\u00eddaj\u00edc\u00ed \u00farovni velk\u00fdch podnik\u016f, abyste mohli obchodovat s naprost\u00fdm klidem.<\/p>\n<h3>Ochrana dat<\/h3>\n<p>Va\u0161e osobn\u00ed \u00fadaje jsou bezpe\u010dn\u011b ulo\u017eeny a \u0161ifrov\u00e1ny s vyu\u017eit\u00edm t\u011bch nejpokro\u010dilej\u0161\u00edch dostupn\u00fdch protokol\u016f.<\/p>\n<h3>Bezpe\u010dn\u00e9 transakce<\/h3>\n<p>Zpracov\u00e1n\u00ed transakc\u00ed prob\u00edh\u00e1 v n\u011bkolika vrstv\u00e1ch ochrany, co\u017e zaji\u0161\u0165uje maxim\u00e1ln\u00ed bezpe\u010dnost va\u0161ich digit\u00e1ln\u00edch aktiv v ka\u017ed\u00e9m kroku procesu.<\/p>\n<h3>Ochrana soukrom\u00ed<\/h3>\n<p>Na va\u0161em soukrom\u00ed z\u00e1le\u017e\u00ed\u2014citliv\u00e1 data z\u016fst\u00e1vaj\u00ed d\u016fv\u011brn\u00e1, chr\u00e1n\u011bn\u00e1 a zcela pod va\u0161\u00ed kontrolou.<\/p>\n<h2>Co nab\u00edz\u00edme?<\/h2>\n<p>Vyd\u00e1te se na cestu obchodov\u00e1n\u00ed poh\u00e1n\u011bnou AI s n\u00e1stroji a podporou, kter\u00e1 v\u00e1m umo\u017en\u00ed r\u016fst:<\/p>\n<h3>V\u00fdkonn\u00e9 AI n\u00e1stroje<\/h3>\n<p>Z\u00edskejte p\u0159\u00edstup k \u017eiv\u00fdm obchodn\u00edm sign\u00e1l\u016fm, automatick\u00e9mu rozpozn\u00e1v\u00e1n\u00ed vzorc\u016f a predikc\u00edm trend\u016f\u2014v\u0161e poh\u00e1n\u011bn\u00e9 um\u011blou inteligenc\u00ed.<\/p>\n<h3>Komplexn\u00ed vzd\u011bl\u00e1v\u00e1n\u00ed<\/h3>\n<p>Ovl\u00e1dn\u011bte jak z\u00e1klady, tak pokro\u010dil\u00e9 strategie vlastn\u00edm tempem\u2014prost\u0159ednictv\u00edm tutori\u00e1l\u016f, webin\u00e1\u0159\u016f nebo detailn\u00edch rozbor\u016f, v\u0161e v neust\u00e1le se roz\u0161i\u0159uj\u00edc\u00ed knihovn\u011b p\u0159ehledn\u00fdch zdroj\u016f.<\/p>\n<h3>Podp\u016frn\u00e1 komunita obchodn\u00edk\u016f<\/h3>\n<p>P\u0159ipojte se k \u017eiv\u00e9 komunit\u011b v\u00edce ne\u017e 15 000 obchodn\u00edk\u016f, kte\u0159\u00ed si vz\u00e1jemn\u011b p\u0159ed\u00e1vaj\u00ed strategie, osv\u011bd\u010den\u00e9 postupy a re\u00e1ln\u00e9 zku\u0161enosti\u2014a pom\u00e1haj\u00ed si k \u00fasp\u011bchu.<\/p>\n<h3>U\u017eivatelsky p\u0159\u00edv\u011btiv\u00e9 rozhran\u00ed<\/h3>\n<p>Na\u0161e platforma nab\u00edz\u00ed p\u0159ehledn\u00e9, intuitivn\u00ed rozhran\u00ed, abyste se mohli soust\u0159edit na samotn\u00e9 obchodov\u00e1n\u00ed, nikoli na slo\u017eit\u00e9 syst\u00e9my.<\/p>\n<h2>Za\u010dn\u011bte svou cestu je\u0161t\u011b dnes<\/h2>\n<p>Budoucnost obchodov\u00e1n\u00ed s kryptom\u011bnami je zde\u2014a za\u010d\u00edn\u00e1 s Trutera Trade. Vyu\u017eijte nejnov\u011bj\u0161\u00ed n\u00e1stroje poh\u00e1n\u011bn\u00e9 AI, odborn\u00e9 poznatky a rostouc\u00ed otev\u0159enou komunitu obchodn\u00edk\u016f.<\/p>\n<p>P\u0159ipraveni posunout sv\u00e9 obchodov\u00e1n\u00ed na vy\u0161\u0161\u00ed \u00farove\u0148? P\u0159idejte se k tis\u00edc\u016fm \u00fasp\u011b\u0161n\u00fdch obchodn\u00edk\u016f a za\u010dn\u011bte svou cestu s Trutera Trade hned te\u010f.<\/p>\n<p>Ne\u010dekejte\u2014va\u0161e chyt\u0159ej\u0161\u00ed krypto budoucnost za\u010d\u00edn\u00e1 pr\u00e1v\u011b dnes.<\/p>\n","protected":false},"excerpt":{"rendered":"<p>Byl navr\u017een tak, aby umo\u017enil nov\u00e9 generaci obchodn\u00edk\u016f s kryptom\u011bnami posunout sv\u00e9 obchodov\u00e1n\u00ed na vy\u0161\u0161\u00ed \u00farove\u0148 a vyu\u017e\u00edt potenci\u00e1l um\u011bl\u00e9 inteligence. A\u0165 u\u017e jste za\u010d\u00e1te\u010dn\u00edk tou\u017e\u00edc\u00ed po nov\u00fdch znalostech, nebo zku\u0161en\u00fd obchodn\u00edk hledaj\u00edc\u00ed zp\u016fsoby, jak zdokonalit sv\u00e9 strategie, je va\u0161\u00ed d\u016fv\u011bryhodnou komunitou, znalostn\u00ed z\u00e1kladnou a zdrojem pro obchodov\u00e1n\u00ed. Na\u0161e mise Sv\u011bt se vyv\u00edj\u00ed a vede [&hellip;]<\/p>\n","protected":false},"author":2,"featured_media":0,"parent":0,"menu_order":0,"comment_status":"closed","ping_status":"closed","template":"page-about.php","meta":{"footnotes":""},"class_list":["post-812","page","type-page","status-publish","hentry"],"yoast_head":"<!-- This site is optimized with the Yoast SEO plugin v27.4 - https:\/\/yoast.com\/product\/yoast-seo-wordpress\/ -->\n<title>Trutera Trade \u2122 | Offici\u00eble website 2026 | Claim nu!<\/title>\n<meta name=\"robots\" content=\"index, follow, max-snippet:-1, max-image-preview:large, max-video-preview:-1\" \/>\n<meta property=\"og:locale\" content=\"cs_CZ\" \/>\n<meta property=\"og:site_name\" content=\"Trutera Trade\" \/>\n<meta property=\"article:modified_time\" content=\"2026-05-04T23:02:04+00:00\" \/>\n<meta name=\"twitter:card\" content=\"summary_large_image\" \/>\n<meta name=\"twitter:label1\" content=\"Odhadovan\u00e1 doba \u010dten\u00ed\" \/>\n\t<meta name=\"twitter:data1\" content=\"4 minuty\" \/>\n<!-- \/ Yoast SEO plugin. -->","yoast_head_json":{"title":"Trutera Trade \u2122 | Offici\u00eble website 2026 | Claim nu!","robots":{"index":"index","follow":"follow","max-snippet":"max-snippet:-1","max-image-preview":"max-image-preview:large","max-video-preview":"max-video-preview:-1"},"og_locale":"cs_CZ","og_site_name":"Trutera Trade","article_modified_time":"2026-05-04T23:02:04+00:00","twitter_card":"summary_large_image","twitter_misc":{"Odhadovan\u00e1 doba \u010dten\u00ed":"4 minuty"},"schema":{"@context":"https:\/\/schema.org","@graph":[{"@type":"WebPage","@id":"https:\/\/truteratrade.com\/about-us\/","url":"https:\/\/truteratrade.com\/about-us\/","name":"O n\u00e1s - Trutera Trade","isPartOf":{"@id":"https:\/\/truteratrade.com\/#website"},"datePublished":"2023-06-21T11:29:38+00:00","dateModified":"2026-05-04T23:02:04+00:00","breadcrumb":{"@id":"https:\/\/truteratrade.com\/about-us\/#breadcrumb"},"inLanguage":"cs","potentialAction":[{"@type":"ReadAction","target":["https:\/\/truteratrade.com\/about-us\/"]}]},{"@type":"BreadcrumbList","@id":"https:\/\/truteratrade.com\/about-us\/#breadcrumb","itemListElement":[{"@type":"ListItem","position":1,"name":"Home","item":"https:\/\/truteratrade.com\/"},{"@type":"ListItem","position":2,"name":"O n\u00e1s"}]},{"@type":"WebSite","@id":"https:\/\/truteratrade.com\/#website","url":"https:\/\/truteratrade.com\/","name":"Easy Edge Index","description":"Master Trading, Maximize Earnings [2025]","potentialAction":[{"@type":"SearchAction","target":{"@type":"EntryPoint","urlTemplate":"https:\/\/truteratrade.com\/?s={search_term_string}"},"query-input":{"@type":"PropertyValueSpecification","valueRequired":true,"valueName":"search_term_string"}}],"inLanguage":"cs"}]}},"_links":{"self":[{"href":"https:\/\/truteratrade.com\/cs\/wp-json\/wp\/v2\/pages\/812","targetHints":{"allow":["GET"]}}],"collection":[{"href":"https:\/\/truteratrade.com\/cs\/wp-json\/wp\/v2\/pages"}],"about":[{"href":"https:\/\/truteratrade.com\/cs\/wp-json\/wp\/v2\/types\/page"}],"author":[{"embeddable":true,"href":"https:\/\/truteratrade.com\/cs\/wp-json\/wp\/v2\/users\/2"}],"replies":[{"embeddable":true,"href":"https:\/\/truteratrade.com\/cs\/wp-json\/wp\/v2\/comments?post=812"}],"version-history":[{"count":5,"href":"https:\/\/truteratrade.com\/cs\/wp-json\/wp\/v2\/pages\/812\/revisions"}],"predecessor-version":[{"id":890,"href":"https:\/\/truteratrade.com\/cs\/wp-json\/wp\/v2\/pages\/812\/revisions\/890"}],"wp:attachment":[{"href":"https:\/\/truteratrade.com\/cs\/wp-json\/wp\/v2\/media?parent=812"}],"curies":[{"name":"wp","href":"https:\/\/api.w.org\/{rel}","templated":true}]}}