{"id":813,"date":"2023-06-21T11:29:38","date_gmt":"2023-06-21T11:29:38","guid":{"rendered":"https:\/\/truteratrade.com\/about-us\/"},"modified":"2026-04-19T23:12:47","modified_gmt":"2026-04-19T23:12:47","slug":"about-us","status":"publish","type":"page","link":"https:\/\/truteratrade.com\/da\/about-us\/","title":{"rendered":"Om os"},"content":{"rendered":"<p>Det er designet til at give den n\u00e6ste generation af kryptohandlere mulighed for at opgradere deres handelsoplevelse og drage fordel af kunstig intelligens. Uanset om du er nybegynder og \u00f8nsker at l\u00e6re, eller en erfaren trader, der s\u00f8ger at finpudse dine strategier, er Trutera Trade din betroede f\u00e6llesskabsplatform, vidensbase og handelsressource.<\/p>\n<h2>Vores Mission<\/h2>\n<p>Verden forandrer sig og kontrolleres i stigende grad af dem, der besidder viden; hos Trutera Trade lever vi ud fra tanken om, at viden er magt, og at fremtiden for kryptohandel ligger i kunstig intelligens. Vi er drevet af overbevisningen om, at den mest innovative teknologi kombineret med den bedste uddannelse er vejen til at sikre, at du kan handle klogere, hurtigere og med st\u00f8rre tryghed p\u00e5 et konstant foranderligt marked.<\/p>\n<p>Vi tilbyder markedsindsigt i form af anbefalinger, s\u00e5 det bliver nemt at tr\u00e6ffe meningsfulde og databaserede beslutninger, og du kan agere p\u00e5 et oplyst grundlag frem for i st\u00f8j.<\/p>\n<h2>Vores Vision<\/h2>\n<p>Vores vision er at \u00e6ndre forestillingen om, at kryptohandel skal v\u00e6re utilg\u00e6ngeligt, usikkert og uprofitabelt for almindelige mennesker. Den fremtid kan du allerede opleve hos Trutera Trade. Vores mission er at give alle tradere adgang til de bedste v\u00e6rkt\u00f8jer, den nyeste viden og selvtillid i et dynamisk kryptomilj\u00f8, s\u00e5 du kan f\u00e5 succes som trader. Vi er dedikerede til at styrke alle tradere med de rette v\u00e6rkt\u00f8jer, viden og den selvtillid, der skal til for at klare sig i et omskifteligt kryptolandskab.<\/p>\n<h2>Hvad G\u00f8r Trutera Trade til et Godt Valg?<\/h2>\n<p>Forbedr din kryptooplevelse med de nyeste udviklinger inden for AI-baserede systemer, st\u00e6rkt sikret infrastruktur og potente l\u00e6ringsressourcer. Dette g\u00f8r Trutera Trade unikt:<\/p>\n<h3>AI-drevne Notifikationer<\/h3>\n<p>Udnyt \u00f8jeblikkelige advarsler drevet af AI, som overv\u00e5ger markedstendenser og informerer dig om muligheder med h\u00f8jt potentiale \u2013 for \u00f8get pr\u00e6cision og indtjening.<\/p>\n<h3>Omfattende L\u00e6ringsv\u00e6rkt\u00f8jer<\/h3>\n<p>Uanset om du vil l\u00e6re det grundl\u00e6ggende eller \u00f8nsker indsigt i avancerede handelsstrategier, tilbyder Trutera Trade n\u00f8je udvalgt materiale til dit vidensniveau.<\/p>\n<h3>Live Markedsdata &amp; Indsigter<\/h3>\n<p>F\u00e5 et forspring med realtidsstatistik, trendoverv\u00e5gning og pr\u00e6cise forudsigelser, s\u00e5 du kan tr\u00e6ffe skarpere beslutninger i din handel.<\/p>\n<h3>Sikkerhed i Topklasse<\/h3>\n<p>Handle med ro i sindet. Dine digitale oplysninger og aktiver krypteres og beskyttes efter de h\u00f8jeste sikkerhedsstandarder i branchen.<\/p>\n<h2>Folkene Bag Trutera Trade<\/h2>\n<p>Trutera Trade er udviklet af et hold af kryptoeksperter, erfarne tradere, programm\u00f8rer og finansielle specialister, som identificerede et behov for en sikker AI-drevet platform, der b\u00e5de muligg\u00f8r l\u00e6ring og pr\u00e6station.<\/p>\n<p>Vores team har i \u00e5revis arbejdet med blockchain, fintech og algoritmisk handel, og str\u00e6ber nu efter at udvide horisonten for, hvad tradere kan opn\u00e5 med de rette v\u00e6rkt\u00f8jer og professionel st\u00f8tte.<\/p>\n<p>Vi bygger ikke blot en platform, men arbejder hen imod en fremtid, hvor enhver kryptotrader handler med sikkerhed og tillid \u2013 profitabelt.<\/p>\n<h2>S\u00e5dan Sikrer vi Sikkerheden<\/h2>\n<p>Trutera Trade er bygget p\u00e5 et fundament af sikkerhed. Vi har implementeret enterprise-niveau sikkerhed, s\u00e5 du kan handle uden bekymringer.<\/p>\n<h3>Databeskyttelse<\/h3>\n<p>Dine personoplysninger opbevares krypteret og sikkert ved hj\u00e6lp af de bedst tilg\u00e6ngelige protokoller.<\/p>\n<h3>Sikre Transaktioner<\/h3>\n<p>Alle transaktioner behandles gennem flerlagsbeskyttelse, hvilket beskytter dine digitale aktiver p\u00e5 alle stadier.<\/p>\n<h3>Privatliv F\u00f8rst<\/h3>\n<p>Dit privatliv er vigtigt for os \u2013 vi sikrer, at f\u00f8lsomme oplysninger forbliver fortrolige, beskyttede og under din fulde kontrol.<\/p>\n<h2>Hvad Tilbyder vi?<\/h2>\n<p>Tag et klogere, AI-optimeret skridt mod de v\u00e6rkt\u00f8jer og den st\u00f8tte, der kan udvikle dig som trader:<\/p>\n<h3>Kraftfulde AI-v\u00e6rkt\u00f8jer<\/h3>\n<p>Opdag live handelssignaler, automatisk m\u00f8nstergenkendelse og forudsigelse af tendenser \u2013 alt sammen baseret p\u00e5 kunstig intelligens.<\/p>\n<h3>Omfattende Uddannelse<\/h3>\n<p>L\u00e6r alt fra det grundl\u00e6ggende til avancerede metoder, i det format du foretr\u00e6kker \u2013 tutorials, webinarer eller dybdeg\u00e5ende materiale \u2013 med adgang til et stadigt voksende bibliotek af ressourcer.<\/p>\n<h3>St\u00f8ttende Trader-f\u00e6llesskab<\/h3>\n<p>Bliv en del af et succesfuldt f\u00e6llesskab med over 15.000 tradere, hvor strategier, tips og erfaringer deles for f\u00e6lles fremgang.<\/p>\n<h3>Brugervenlig Platform<\/h3>\n<p>Vores overskuelige og intuitive interface g\u00f8r det let at fokusere p\u00e5 selve handlen \u2013 ikke p\u00e5 besv\u00e6rlige dashboards.<\/p>\n<h2>Start Din Rejse i Dag<\/h2>\n<p>Fremtiden for kryptohandel er kommet \u2013 og den begynder med Trutera Trade. F\u00e5 gl\u00e6de af de nyeste AI-v\u00e6rkt\u00f8jer, ekspertindsigter og et inkluderende f\u00e6llesskab af tradere, der vokser dag for dag.<\/p>\n<p>Klar til at tage dit trading-niveau op? Slut dig til tusindvis af succesfulde tradere og begynd din rejse med Trutera Trade allerede i dag.<\/p>\n<p>Vent ikke \u2013 din smartere kryptofremtid starter nu.<\/p>\n","protected":false},"excerpt":{"rendered":"<p>Det er designet til at give den n\u00e6ste generation af kryptohandlere mulighed for at opgradere deres handelsoplevelse og drage fordel af kunstig intelligens. Uanset om du er nybegynder og \u00f8nsker at l\u00e6re, eller en erfaren trader, der s\u00f8ger at finpudse dine strategier, er din betroede f\u00e6llesskabsplatform, vidensbase og handelsressource. Vores Mission Verden forandrer sig og [&hellip;]<\/p>\n","protected":false},"author":2,"featured_media":0,"parent":0,"menu_order":0,"comment_status":"closed","ping_status":"closed","template":"page-about.php","meta":{"footnotes":""},"class_list":["post-813","page","type-page","status-publish","hentry"],"yoast_head":"<!-- This site is optimized with the Yoast SEO plugin v27.4 - https:\/\/yoast.com\/product\/yoast-seo-wordpress\/ -->\n<title>Trutera Trade \u2122 | Offici\u00eble website 2026 | Claim nu!<\/title>\n<meta name=\"robots\" content=\"index, follow, max-snippet:-1, max-image-preview:large, max-video-preview:-1\" \/>\n<meta property=\"og:locale\" content=\"da_DK\" \/>\n<meta property=\"og:site_name\" content=\"Trutera Trade\" \/>\n<meta property=\"article:modified_time\" content=\"2026-04-19T23:12:47+00:00\" \/>\n<meta name=\"twitter:card\" content=\"summary_large_image\" \/>\n<meta name=\"twitter:label1\" content=\"Estimeret l\u00e6setid\" \/>\n\t<meta name=\"twitter:data1\" content=\"4 minutter\" \/>\n<!-- \/ Yoast SEO plugin. -->","yoast_head_json":{"title":"Trutera Trade \u2122 | Offici\u00eble website 2026 | Claim nu!","robots":{"index":"index","follow":"follow","max-snippet":"max-snippet:-1","max-image-preview":"max-image-preview:large","max-video-preview":"max-video-preview:-1"},"og_locale":"da_DK","og_site_name":"Trutera Trade","article_modified_time":"2026-04-19T23:12:47+00:00","twitter_card":"summary_large_image","twitter_misc":{"Estimeret l\u00e6setid":"4 minutter"},"schema":{"@context":"https:\/\/schema.org","@graph":[{"@type":"WebPage","@id":"https:\/\/truteratrade.com\/about-us\/","url":"https:\/\/truteratrade.com\/about-us\/","name":"Om os - Trutera Trade","isPartOf":{"@id":"https:\/\/truteratrade.com\/#website"},"datePublished":"2023-06-21T11:29:38+00:00","dateModified":"2026-04-19T23:12:47+00:00","breadcrumb":{"@id":"https:\/\/truteratrade.com\/about-us\/#breadcrumb"},"inLanguage":"da-DK","potentialAction":[{"@type":"ReadAction","target":["https:\/\/truteratrade.com\/about-us\/"]}]},{"@type":"BreadcrumbList","@id":"https:\/\/truteratrade.com\/about-us\/#breadcrumb","itemListElement":[{"@type":"ListItem","position":1,"name":"Home","item":"https:\/\/truteratrade.com\/"},{"@type":"ListItem","position":2,"name":"Om os"}]},{"@type":"WebSite","@id":"https:\/\/truteratrade.com\/#website","url":"https:\/\/truteratrade.com\/","name":"Easy Edge Index","description":"Master Trading, Maximize Earnings [2025]","potentialAction":[{"@type":"SearchAction","target":{"@type":"EntryPoint","urlTemplate":"https:\/\/truteratrade.com\/?s={search_term_string}"},"query-input":{"@type":"PropertyValueSpecification","valueRequired":true,"valueName":"search_term_string"}}],"inLanguage":"da-DK"}]}},"_links":{"self":[{"href":"https:\/\/truteratrade.com\/da\/wp-json\/wp\/v2\/pages\/813","targetHints":{"allow":["GET"]}}],"collection":[{"href":"https:\/\/truteratrade.com\/da\/wp-json\/wp\/v2\/pages"}],"about":[{"href":"https:\/\/truteratrade.com\/da\/wp-json\/wp\/v2\/types\/page"}],"author":[{"embeddable":true,"href":"https:\/\/truteratrade.com\/da\/wp-json\/wp\/v2\/users\/2"}],"replies":[{"embeddable":true,"href":"https:\/\/truteratrade.com\/da\/wp-json\/wp\/v2\/comments?post=813"}],"version-history":[{"count":1,"href":"https:\/\/truteratrade.com\/da\/wp-json\/wp\/v2\/pages\/813\/revisions"}],"predecessor-version":[{"id":827,"href":"https:\/\/truteratrade.com\/da\/wp-json\/wp\/v2\/pages\/813\/revisions\/827"}],"wp:attachment":[{"href":"https:\/\/truteratrade.com\/da\/wp-json\/wp\/v2\/media?parent=813"}],"curies":[{"name":"wp","href":"https:\/\/api.w.org\/{rel}","templated":true}]}}