{"id":892,"date":"2023-06-21T11:29:38","date_gmt":"2023-06-21T11:29:38","guid":{"rendered":"https:\/\/truteratrade.com\/contact-us\/"},"modified":"2026-05-04T23:15:43","modified_gmt":"2026-05-04T23:15:43","slug":"contact-us","status":"publish","type":"page","link":"https:\/\/truteratrade.com\/da\/contact-us\/","title":{"rendered":""},"content":{"rendered":"<h1>Kontakt Trutera Trade<\/h1>\n<p>Har du brug for hj\u00e6lp eller har du sp\u00f8rgsm\u00e5l? Vores team st\u00e5r klar til at assistere dig. S\u00e5dan kan du komme i kontakt med os:<br \/>\nKontaktinformation<br \/>\nForretningshenvendelser:<br \/>\nFor partnerskaber, mediehenvendelser eller andre forretningsrelaterede sp\u00f8rgsm\u00e5l:<br \/>\nbusiness@truteratrade.com<br \/>\nKundesupport:<br \/>\nFor hj\u00e6lp eller generelle sp\u00f8rgsm\u00e5l:<br \/>\nsupport@truteratrade.com<\/p>\n","protected":false},"excerpt":{"rendered":"<p>Kontakt Trutera Trade Har du brug for hj\u00e6lp eller har du sp\u00f8rgsm\u00e5l? Vores team st\u00e5r klar til at assistere dig. S\u00e5dan kan du komme i kontakt med os: Kontaktinformation Forretningshenvendelser: For partnerskaber, mediehenvendelser eller andre forretningsrelaterede sp\u00f8rgsm\u00e5l: business@truteratrade.com Kundesupport: For hj\u00e6lp eller generelle sp\u00f8rgsm\u00e5l: support@truteratrade.com<\/p>\n","protected":false},"author":2,"featured_media":0,"parent":0,"menu_order":0,"comment_status":"closed","ping_status":"closed","template":"page-contact.php","meta":{"footnotes":""},"class_list":["post-892","page","type-page","status-publish","hentry"],"yoast_head":"<!-- This site is optimized with the Yoast SEO plugin v27.4 - https:\/\/yoast.com\/product\/yoast-seo-wordpress\/ -->\n<title>Trutera Trade \u2122 | Offici\u00eble website 2026 | Claim nu!<\/title>\n<meta name=\"robots\" content=\"index, follow, max-snippet:-1, max-image-preview:large, max-video-preview:-1\" \/>\n<meta property=\"og:locale\" content=\"da_DK\" \/>\n<meta property=\"og:site_name\" content=\"Trutera Trade\" \/>\n<meta property=\"article:modified_time\" content=\"2026-05-04T23:15:43+00:00\" \/>\n<meta name=\"twitter:card\" content=\"summary_large_image\" \/>\n<meta name=\"twitter:label1\" content=\"Estimeret l\u00e6setid\" \/>\n\t<meta name=\"twitter:data1\" content=\"1 minut\" \/>\n<!-- \/ Yoast SEO plugin. -->","yoast_head_json":{"title":"Trutera Trade \u2122 | Offici\u00eble website 2026 | Claim nu!","robots":{"index":"index","follow":"follow","max-snippet":"max-snippet:-1","max-image-preview":"max-image-preview:large","max-video-preview":"max-video-preview:-1"},"og_locale":"da_DK","og_site_name":"Trutera Trade","article_modified_time":"2026-05-04T23:15:43+00:00","twitter_card":"summary_large_image","twitter_misc":{"Estimeret l\u00e6setid":"1 minut"},"schema":{"@context":"https:\/\/schema.org","@graph":[{"@type":"WebPage","@id":"https:\/\/truteratrade.com\/da\/contact-us\/","url":"https:\/\/truteratrade.com\/da\/contact-us\/","name":"- Trutera Trade","isPartOf":{"@id":"https:\/\/truteratrade.com\/#website"},"datePublished":"2023-06-21T11:29:38+00:00","dateModified":"2026-05-04T23:15:43+00:00","inLanguage":"da-DK","potentialAction":[{"@type":"ReadAction","target":["https:\/\/truteratrade.com\/da\/contact-us\/"]}]},{"@type":"WebSite","@id":"https:\/\/truteratrade.com\/#website","url":"https:\/\/truteratrade.com\/","name":"Easy Edge Index","description":"Master Trading, Maximize Earnings [2025]","potentialAction":[{"@type":"SearchAction","target":{"@type":"EntryPoint","urlTemplate":"https:\/\/truteratrade.com\/?s={search_term_string}"},"query-input":{"@type":"PropertyValueSpecification","valueRequired":true,"valueName":"search_term_string"}}],"inLanguage":"da-DK"}]}},"_links":{"self":[{"href":"https:\/\/truteratrade.com\/da\/wp-json\/wp\/v2\/pages\/892","targetHints":{"allow":["GET"]}}],"collection":[{"href":"https:\/\/truteratrade.com\/da\/wp-json\/wp\/v2\/pages"}],"about":[{"href":"https:\/\/truteratrade.com\/da\/wp-json\/wp\/v2\/types\/page"}],"author":[{"embeddable":true,"href":"https:\/\/truteratrade.com\/da\/wp-json\/wp\/v2\/users\/2"}],"replies":[{"embeddable":true,"href":"https:\/\/truteratrade.com\/da\/wp-json\/wp\/v2\/comments?post=892"}],"version-history":[{"count":4,"href":"https:\/\/truteratrade.com\/da\/wp-json\/wp\/v2\/pages\/892\/revisions"}],"predecessor-version":[{"id":933,"href":"https:\/\/truteratrade.com\/da\/wp-json\/wp\/v2\/pages\/892\/revisions\/933"}],"wp:attachment":[{"href":"https:\/\/truteratrade.com\/da\/wp-json\/wp\/v2\/media?parent=892"}],"curies":[{"name":"wp","href":"https:\/\/api.w.org\/{rel}","templated":true}]}}