{"id":816,"date":"2023-06-21T11:29:38","date_gmt":"2023-06-21T11:29:38","guid":{"rendered":"https:\/\/truteratrade.com\/about-us\/"},"modified":"2026-04-19T23:11:58","modified_gmt":"2026-04-19T23:11:58","slug":"about-us","status":"publish","type":"page","link":"https:\/\/truteratrade.com\/de\/about-us\/","title":{"rendered":"\u00dcber uns"},"content":{"rendered":"<p>Es wurde entwickelt, um der n\u00e4chsten Generation von Krypto-H\u00e4ndlern die M\u00f6glichkeit zu bieten, ihre Trading-Erfahrung zu verbessern und die Vorteile der k\u00fcnstlichen Intelligenz zu nutzen. Ob Sie ein Neuling sind, der sich willkommen f\u00fchlt und lernen m\u00f6chte, oder ein erfahrener Trader, der seine Strategien weiter verfeinern m\u00f6chte \u2013 Trutera Trade ist Ihre vertrauensw\u00fcrdige Community, Wissensquelle und Trading-Ressource.<\/p>\n<h2>Unsere Mission<\/h2>\n<p>Die Welt ver\u00e4ndert sich und wird von jenen dominiert, die \u00fcber Wissen verf\u00fcgen; bei Trutera Trade leben wir mit dem Gedanken, dass Wissen Macht ist und die Zukunft des Krypto-Handels in der Kraft der KI liegt. Wir sind \u00fcberzeugt, dass innovative Technologie in Verbindung mit exzellenter Bildung der Schl\u00fcssel ist, damit Sie in einem sich st\u00e4ndig ver\u00e4ndernden Markt smarter, schneller und mit mehr Selbstvertrauen handeln k\u00f6nnen.<\/p>\n<p>Wir liefern Marktanalysen in Form von Empfehlungen, damit Sie mithilfe datengest\u00fctzter Erkenntnisse fundierte Entscheidungen treffen k\u00f6nnen \u2013 anstelle von Rauschen.<\/p>\n<h2>Unsere Vision<\/h2>\n<p>Unsere Vision ist es, das veraltete Bild zu ver\u00e4ndern, dass Krypto-Handel unzug\u00e4nglich, unsicher und unrentabel sei. Mit Trutera Trade ist diese neue Welt bereits erreichbar. Wir m\u00f6chten jedem Trader Zugang zu den besten Werkzeugen, umfassendem Wissen und neuem Selbstvertrauen in der dynamischen Krypto-Umgebung erm\u00f6glichen, damit ein nachhaltiger Erfolg m\u00f6glich wird. Wir verpflichten uns, jeden Trader mit den passenden Tools, fundiertem Wissen und dem n\u00f6tigen Selbstbewusstsein auszustatten, um im dynamischen Kryptomarkt erfolgreich zu agieren.<\/p>\n<h2>Was macht Trutera Trade zur richtigen Wahl?<\/h2>\n<p>Verbessern Sie Ihr Krypto-Erlebnis durch die neuesten Entwicklungen in KI-basierten Systemen, einer bestens gesch\u00fctzten Infrastruktur und kraftvolle Bildungsressourcen. Das macht Trutera Trade einzigartig:<\/p>\n<h3>KI-gest\u00fctzte Benachrichtigungen<\/h3>\n<p>Nutzen Sie Benachrichtigungen in Echtzeit, unterst\u00fctzt durch KI, die Markttrends \u00fcberwachen und Sie gezielt auf chancenreiche Momente aufmerksam machen \u2013 f\u00fcr h\u00f6here Genauigkeit und Profitabilit\u00e4t.<\/p>\n<h3>Umfassende Lernwerkzeuge<\/h3>\n<p>Ob Sie sich grundlegendes Wissen aneignen oder fortgeschrittene Handelsstrategien lernen m\u00f6chten \u2013 Trutera Trade stellt Ihnen sorgf\u00e4ltig ausgew\u00e4hltes, stufenbasiertes Informationsmaterial bereit.<\/p>\n<h3>Echtzeit-Marktdaten &amp; Einblicke<\/h3>\n<p>Seien Sie Ihrer Konkurrenz voraus mit aktuellen Statistiken, Trendbeobachtungen und pr\u00e4ziser Prognose f\u00fcr optimale Entscheidungen im Handel.<\/p>\n<h3>Sicherheit auf h\u00f6chstem Niveau<\/h3>\n<p>Handeln Sie mit einem ruhigen Gewissen: Ihre digitalen Informationen und Verm\u00f6genswerte werden nach den h\u00f6chsten Sicherheitsstandards der Branche verschl\u00fcsselt und gesch\u00fctzt.<\/p>\n<h2>Die Menschen hinter Trutera Trade<\/h2>\n<p>Trutera Trade wurde von einer Gruppe erfahrener Krypto-Experten, routinierten H\u00e4ndlern, Programmierern und Branchenprofis aus dem Finanzbereich entwickelt, mit dem Ziel, eine Marktl\u00fccke zu schlie\u00dfen \u2013 eine sichere, KI-gest\u00fctzte Plattform, die Lernen und Leistung gleicherma\u00dfen f\u00f6rdert.<\/p>\n<p>Unser Team ist seit Jahren in den Bereichen Blockchain, Fintech und algorithmischer Handel aktiv und will die Grenzen des Machbaren f\u00fcr Trader mit den richtigen Tools und effizienter Unterst\u00fctzung stets erweitern.<\/p>\n<p>Wir bauen nicht nur eine Plattform, sondern arbeiten an einer Zukunft, in der jeder Krypto-Trader mit Vertrauen, Sicherheit und Profitabilit\u00e4t handeln kann.<\/p>\n<h2>So sorgen wir f\u00fcr Sicherheit<\/h2>\n<p>Trutera Trade basiert auf Sicherheit. Wir haben Sicherheitsstandards auf Unternehmensebene implementiert, damit Sie stets beruhigt handeln k\u00f6nnen.<\/p>\n<h3>Datenschutz<\/h3>\n<p>Ihre pers\u00f6nlichen Informationen werden verschl\u00fcsselt und unter Anwendung der besten verf\u00fcgbaren Protokolle sicher gespeichert.<\/p>\n<h3>Sichere Transaktionen<\/h3>\n<p>Die Abwicklung Ihrer Transaktionen erfolgt mit mehrschichtigem Schutz, sodass Ihre digitalen Verm\u00f6genswerte in jeder Phase abgesichert sind.<\/p>\n<h3>Datenschutz an erster Stelle<\/h3>\n<p>Ihre Privatsph\u00e4re ist uns wichtig. Wir stellen sicher, dass vertrauliche Informationen sicher, gesch\u00fctzt und unter Ihrer Kontrolle bleiben.<\/p>\n<h2>Was bieten wir?<\/h2>\n<p>Machen Sie den n\u00e4chsten Schritt im Krypto-Handel \u2013 mit KI-optimierten Tools und Unterst\u00fctzung, die Ihre Entwicklung f\u00f6rdern:<\/p>\n<h3>Leistungsstarke KI-Tools<\/h3>\n<p>Erhalten Sie Echtzeit-Handelssignale, automatische Mustererkennung und Trendprognosen \u2013 alles unterst\u00fctzt durch k\u00fcnstliche Intelligenz.<\/p>\n<h3>Umfassende Wissensvermittlung<\/h3>\n<p>Lernen Sie Grundlagen und fortgeschrittene Techniken auf Ihrem Wunsch-Niveau \u2013 in Tutorials, Webinaren oder Deep-Dive-Formaten. Genie\u00dfen Sie eine st\u00e4ndig wachsende Bibliothek an Ressourcen, direkt verf\u00fcgbar.<\/p>\n<h3>Unterst\u00fctzende Trader-Community<\/h3>\n<p>Werden Sie Teil einer erfolgreichen Community von mehr als 15.000 Tradern, die ihre Strategien, Tricks und praktischen Erfahrungen teilen, um sich gegenseitig zu unterst\u00fctzen.<\/p>\n<h3>Anwenderfreundliche Oberfl\u00e4che<\/h3>\n<p>Profitieren Sie von einer benutzerfreundlichen Plattform mit intuitivem Interface, das es Ihnen erm\u00f6glicht, sich auf das Wesentliche zu konzentrieren: Ihren Handel \u2013 ohne Komplikationen durch ein komplexes Dashboard.<\/p>\n<h2>Starten Sie Ihre Reise noch heute<\/h2>\n<p>Die Zukunft des Krypto-Handels hat begonnen \u2013 und sie startet mit Trutera Trade. Nutzen Sie die neuesten KI-basierten Tools, fundiertes Expertenwissen und eine stetig wachsende, inklusive Community von Tradern.<\/p>\n<p>Bereit, Ihr Trading auf das n\u00e4chste Level zu heben? Schlie\u00dfen Sie sich Tausenden erfolgreicher Trader an und beginnen Sie heute Ihre Reise mit Trutera Trade.<\/p>\n<p>Warten Sie nicht \u2013 Ihre smartere Krypto-Zukunft beginnt jetzt.<\/p>\n","protected":false},"excerpt":{"rendered":"<p>Es wurde entwickelt, um der n\u00e4chsten Generation von Krypto-H\u00e4ndlern die M\u00f6glichkeit zu bieten, ihre Trading-Erfahrung zu verbessern und die Vorteile der k\u00fcnstlichen Intelligenz zu nutzen. Ob Sie ein Neuling sind, der sich willkommen f\u00fchlt und lernen m\u00f6chte, oder ein erfahrener Trader, der seine Strategien weiter verfeinern m\u00f6chte \u2013 ist Ihre vertrauensw\u00fcrdige Community, Wissensquelle und Trading-Ressource. [&hellip;]<\/p>\n","protected":false},"author":2,"featured_media":0,"parent":0,"menu_order":0,"comment_status":"closed","ping_status":"closed","template":"page-about.php","meta":{"footnotes":""},"class_list":["post-816","page","type-page","status-publish","hentry"],"yoast_head":"<!-- This site is optimized with the Yoast SEO plugin v27.4 - https:\/\/yoast.com\/product\/yoast-seo-wordpress\/ -->\n<title>Trutera Trade \u2122 | Offizielle Website 2026 | Beanspruche jetzt!<\/title>\n<meta name=\"robots\" content=\"index, follow, max-snippet:-1, max-image-preview:large, max-video-preview:-1\" \/>\n<meta property=\"og:locale\" content=\"de_DE\" \/>\n<meta property=\"og:site_name\" content=\"Trutera Trade\" \/>\n<meta property=\"article:modified_time\" content=\"2026-04-19T23:11:58+00:00\" \/>\n<meta name=\"twitter:card\" content=\"summary_large_image\" \/>\n<meta name=\"twitter:label1\" content=\"Gesch\u00e4tzte Lesezeit\" \/>\n\t<meta name=\"twitter:data1\" content=\"4\u00a0Minuten\" \/>\n<!-- \/ Yoast SEO plugin. -->","yoast_head_json":{"title":"Trutera Trade \u2122 | Offizielle Website 2026 | Beanspruche jetzt!","robots":{"index":"index","follow":"follow","max-snippet":"max-snippet:-1","max-image-preview":"max-image-preview:large","max-video-preview":"max-video-preview:-1"},"og_locale":"de_DE","og_site_name":"Trutera Trade","article_modified_time":"2026-04-19T23:11:58+00:00","twitter_card":"summary_large_image","twitter_misc":{"Gesch\u00e4tzte Lesezeit":"4\u00a0Minuten"},"schema":{"@context":"https:\/\/schema.org","@graph":[{"@type":"WebPage","@id":"https:\/\/truteratrade.com\/about-us\/","url":"https:\/\/truteratrade.com\/about-us\/","name":"\u00dcber uns - Trutera Trade","isPartOf":{"@id":"https:\/\/truteratrade.com\/#website"},"datePublished":"2023-06-21T11:29:38+00:00","dateModified":"2026-04-19T23:11:58+00:00","breadcrumb":{"@id":"https:\/\/truteratrade.com\/about-us\/#breadcrumb"},"inLanguage":"de","potentialAction":[{"@type":"ReadAction","target":["https:\/\/truteratrade.com\/about-us\/"]}]},{"@type":"BreadcrumbList","@id":"https:\/\/truteratrade.com\/about-us\/#breadcrumb","itemListElement":[{"@type":"ListItem","position":1,"name":"Home","item":"https:\/\/truteratrade.com\/"},{"@type":"ListItem","position":2,"name":"\u00dcber uns"}]},{"@type":"WebSite","@id":"https:\/\/truteratrade.com\/#website","url":"https:\/\/truteratrade.com\/","name":"Easy Edge Index","description":"Master Trading, Maximize Earnings [2025]","potentialAction":[{"@type":"SearchAction","target":{"@type":"EntryPoint","urlTemplate":"https:\/\/truteratrade.com\/?s={search_term_string}"},"query-input":{"@type":"PropertyValueSpecification","valueRequired":true,"valueName":"search_term_string"}}],"inLanguage":"de"}]}},"_links":{"self":[{"href":"https:\/\/truteratrade.com\/de\/wp-json\/wp\/v2\/pages\/816","targetHints":{"allow":["GET"]}}],"collection":[{"href":"https:\/\/truteratrade.com\/de\/wp-json\/wp\/v2\/pages"}],"about":[{"href":"https:\/\/truteratrade.com\/de\/wp-json\/wp\/v2\/types\/page"}],"author":[{"embeddable":true,"href":"https:\/\/truteratrade.com\/de\/wp-json\/wp\/v2\/users\/2"}],"replies":[{"embeddable":true,"href":"https:\/\/truteratrade.com\/de\/wp-json\/wp\/v2\/comments?post=816"}],"version-history":[{"count":1,"href":"https:\/\/truteratrade.com\/de\/wp-json\/wp\/v2\/pages\/816\/revisions"}],"predecessor-version":[{"id":823,"href":"https:\/\/truteratrade.com\/de\/wp-json\/wp\/v2\/pages\/816\/revisions\/823"}],"wp:attachment":[{"href":"https:\/\/truteratrade.com\/de\/wp-json\/wp\/v2\/media?parent=816"}],"curies":[{"name":"wp","href":"https:\/\/api.w.org\/{rel}","templated":true}]}}