{"id":895,"date":"2023-06-21T11:29:38","date_gmt":"2023-06-21T11:29:38","guid":{"rendered":"https:\/\/truteratrade.com\/contact-us\/"},"modified":"2026-05-04T23:21:08","modified_gmt":"2026-05-04T23:21:08","slug":"contact-us","status":"publish","type":"page","link":"https:\/\/truteratrade.com\/de\/contact-us\/","title":{"rendered":""},"content":{"rendered":"<h1>Kontaktieren Sie Trutera Trade<\/h1>\n<p>Ben\u00f6tigen Sie Hilfe oder haben Sie Fragen? Unser Team steht Ihnen gerne zur Verf\u00fcgung. So erreichen Sie uns:<br \/>\nKontaktinformationen<br \/>\nGesch\u00e4ftsanfragen:<br \/>\nF\u00fcr Partnerschaften, Medienanfragen oder andere gesch\u00e4ftliche Anliegen:<br \/>\nbusiness@truteratrade.com<br \/>\nKundensupport:<br \/>\nF\u00fcr Unterst\u00fctzung oder allgemeine Fragen:<br \/>\nsupport@truteratrade.com<\/p>\n","protected":false},"excerpt":{"rendered":"<p>Kontaktieren Sie Trutera Trade Ben\u00f6tigen Sie Hilfe oder haben Sie Fragen? Unser Team steht Ihnen gerne zur Verf\u00fcgung. So erreichen Sie uns: Kontaktinformationen Gesch\u00e4ftsanfragen: F\u00fcr Partnerschaften, Medienanfragen oder andere gesch\u00e4ftliche Anliegen: business@truteratrade.com Kundensupport: F\u00fcr Unterst\u00fctzung oder allgemeine Fragen: support@truteratrade.com<\/p>\n","protected":false},"author":2,"featured_media":0,"parent":0,"menu_order":0,"comment_status":"closed","ping_status":"closed","template":"page-contact.php","meta":{"footnotes":""},"class_list":["post-895","page","type-page","status-publish","hentry"],"yoast_head":"<!-- This site is optimized with the Yoast SEO plugin v27.4 - https:\/\/yoast.com\/product\/yoast-seo-wordpress\/ -->\n<title>Trutera Trade \u2122 | Offizielle Website 2026 | Beanspruche jetzt!<\/title>\n<meta name=\"robots\" content=\"index, follow, max-snippet:-1, max-image-preview:large, max-video-preview:-1\" \/>\n<meta property=\"og:locale\" content=\"de_DE\" \/>\n<meta property=\"og:site_name\" content=\"Trutera Trade\" \/>\n<meta property=\"article:modified_time\" content=\"2026-05-04T23:21:08+00:00\" \/>\n<meta name=\"twitter:card\" content=\"summary_large_image\" \/>\n<meta name=\"twitter:label1\" content=\"Gesch\u00e4tzte Lesezeit\" \/>\n\t<meta name=\"twitter:data1\" content=\"1\u00a0Minute\" \/>\n<!-- \/ Yoast SEO plugin. -->","yoast_head_json":{"title":"Trutera Trade \u2122 | Offizielle Website 2026 | Beanspruche jetzt!","robots":{"index":"index","follow":"follow","max-snippet":"max-snippet:-1","max-image-preview":"max-image-preview:large","max-video-preview":"max-video-preview:-1"},"og_locale":"de_DE","og_site_name":"Trutera Trade","article_modified_time":"2026-05-04T23:21:08+00:00","twitter_card":"summary_large_image","twitter_misc":{"Gesch\u00e4tzte Lesezeit":"1\u00a0Minute"},"schema":{"@context":"https:\/\/schema.org","@graph":[{"@type":"WebPage","@id":"https:\/\/truteratrade.com\/de\/contact-us\/","url":"https:\/\/truteratrade.com\/de\/contact-us\/","name":"- Trutera Trade","isPartOf":{"@id":"https:\/\/truteratrade.com\/#website"},"datePublished":"2023-06-21T11:29:38+00:00","dateModified":"2026-05-04T23:21:08+00:00","inLanguage":"de","potentialAction":[{"@type":"ReadAction","target":["https:\/\/truteratrade.com\/de\/contact-us\/"]}]},{"@type":"WebSite","@id":"https:\/\/truteratrade.com\/#website","url":"https:\/\/truteratrade.com\/","name":"Easy Edge Index","description":"Master Trading, Maximize Earnings [2025]","potentialAction":[{"@type":"SearchAction","target":{"@type":"EntryPoint","urlTemplate":"https:\/\/truteratrade.com\/?s={search_term_string}"},"query-input":{"@type":"PropertyValueSpecification","valueRequired":true,"valueName":"search_term_string"}}],"inLanguage":"de"}]}},"_links":{"self":[{"href":"https:\/\/truteratrade.com\/de\/wp-json\/wp\/v2\/pages\/895","targetHints":{"allow":["GET"]}}],"collection":[{"href":"https:\/\/truteratrade.com\/de\/wp-json\/wp\/v2\/pages"}],"about":[{"href":"https:\/\/truteratrade.com\/de\/wp-json\/wp\/v2\/types\/page"}],"author":[{"embeddable":true,"href":"https:\/\/truteratrade.com\/de\/wp-json\/wp\/v2\/users\/2"}],"replies":[{"embeddable":true,"href":"https:\/\/truteratrade.com\/de\/wp-json\/wp\/v2\/comments?post=895"}],"version-history":[{"count":4,"href":"https:\/\/truteratrade.com\/de\/wp-json\/wp\/v2\/pages\/895\/revisions"}],"predecessor-version":[{"id":939,"href":"https:\/\/truteratrade.com\/de\/wp-json\/wp\/v2\/pages\/895\/revisions\/939"}],"wp:attachment":[{"href":"https:\/\/truteratrade.com\/de\/wp-json\/wp\/v2\/media?parent=895"}],"curies":[{"name":"wp","href":"https:\/\/api.w.org\/{rel}","templated":true}]}}