{"id":820,"date":"2023-06-21T11:29:38","date_gmt":"2023-06-21T11:29:38","guid":{"rendered":"https:\/\/truteratrade.com\/about-us\/"},"modified":"2026-04-19T23:12:10","modified_gmt":"2026-04-19T23:12:10","slug":"about-us","status":"publish","type":"page","link":"https:\/\/truteratrade.com\/es\/about-us\/","title":{"rendered":"Sobre nosotros"},"content":{"rendered":"<p>Est\u00e1 dise\u00f1ado para brindar a los traders de criptomonedas de nueva generaci\u00f3n la oportunidad de mejorar su experiencia de trading y de aprovechar la inteligencia artificial. Ya sea que seas un principiante dispuesto a aprender o un trader sofisticado buscando perfeccionar tus t\u00e1cticas, Trutera Trade es tu comunidad confiable, base de conocimiento y recurso de trading.<\/p>\n<h2>Nuestra Misi\u00f3n<\/h2>\n<p>El mundo est\u00e1 cambiando y cada vez m\u00e1s bajo el control de quienes poseen el conocimiento; en Trutera Trade, vivimos bajo la premisa de que el conocimiento es poder y que el futuro del trading de criptomonedas radica en el potencial de la inteligencia artificial. Nos impulsa la convicci\u00f3n de que la tecnolog\u00eda m\u00e1s innovadora, combinada con la mejor educaci\u00f3n, es el camino para que puedas operar de manera m\u00e1s inteligente, m\u00e1s r\u00e1pida y con mayor confianza en un mercado en constante cambio.<\/p>\n<p>Ofrecemos inteligencia de mercado en forma de recomendaciones, facilitando el tomar decisiones informadas basadas en datos, evitando el ruido y enfoc\u00e1ndonos en lo relevante.<\/p>\n<h2>Nuestra Visi\u00f3n<\/h2>\n<p>Nuestra visi\u00f3n es cambiar la noci\u00f3n de que el trading de criptomonedas debe ser inaccesible, inseguro e improductivo para la mayor\u00eda de las personas. Ese mundo ya es posible con Trutera Trade. Nuestra misi\u00f3n es ayudar a todos los traders a acceder a las mejores herramientas, conocimiento y confianza en un entorno cripto din\u00e1mico para que alcancen el \u00e9xito como operadores. Estamos comprometidos a empoderar a cada trader con las herramientas, el conocimiento y la confianza adecuados para prosperar en el cambiante panorama de las criptomonedas.<\/p>\n<h2>\u00bfQu\u00e9 hace de Trutera Trade una excelente opci\u00f3n?<\/h2>\n<p>Impulsa tu experiencia cripto con lo \u00faltimo en sistemas basados en IA, infraestructura protegida y potentes recursos educativos. Esto es lo que distingue a Trutera Trade:<\/p>\n<h3>Alertas impulsadas por IA<\/h3>\n<p>Aprovecha las capacidades de alertas en tiempo real, alimentadas por IA, que analizan las tendencias del mercado para informarte sobre oportunidades de alto potencial y as\u00ed incrementar la precisi\u00f3n y rentabilidad de tus operaciones.<\/p>\n<h3>Amplias herramientas de aprendizaje<\/h3>\n<p>Ya sea que est\u00e9s adquiriendo conocimientos b\u00e1sicos o explorando estrategias avanzadas de trading, Trutera Trade te brinda material informativo cuidadosamente seleccionado y adaptado a cada nivel de experiencia.<\/p>\n<h3>Datos e insights de mercado en tiempo real<\/h3>\n<p>Mantente a la vanguardia con estad\u00edsticas actualizadas, monitoreo de tendencias y predicciones precisas para tomar mejores decisiones comerciales al instante.<\/p>\n<h3>Seguridad de primer nivel<\/h3>\n<p>Opera con total tranquilidad. Tu informaci\u00f3n digital y recursos est\u00e1n encriptados y protegidos bajo los est\u00e1ndares de seguridad m\u00e1s altos de la industria.<\/p>\n<h2>El equipo detr\u00e1s de Trutera Trade<\/h2>\n<p>Ha sido desarrollado por un grupo de veteranos en criptomonedas, traders experimentados, programadores y profesionales del sector financiero, quienes identificaron la necesidad de un mercado seguro con una plataforma potenciada por IA que propicie tanto el aprendizaje como el rendimiento.<\/p>\n<p>Nuestro equipo ha operado durante a\u00f1os en los \u00e1mbitos de blockchain, fintech y trading algor\u00edtmico, y ahora busca expandir los l\u00edmites de lo que los traders pueden lograr con las herramientas y el acompa\u00f1amiento adecuados.<\/p>\n<p>No solo estamos construyendo una plataforma, sino tambi\u00e9n el camino hacia un futuro donde cada operador de criptomonedas opere con confianza, seguridad y rentabilidad.<\/p>\n<h2>C\u00f3mo garantizamos la seguridad<\/h2>\n<p>Trutera Trade se cimenta en la seguridad. Hemos implementado protecciones a nivel empresarial para que puedas operar con total tranquilidad.<\/p>\n<h3>Protecci\u00f3n de datos<\/h3>\n<p>Tus datos personales se almacenan de manera cifrada y segura siguiendo los protocolos m\u00e1s avanzados.<\/p>\n<h3>Transacciones seguras<\/h3>\n<p>El procesamiento de transacciones cuenta con protecci\u00f3n multicapa, asegurando tus activos digitales en todo momento.<\/p>\n<h3>Privacidad ante todo<\/h3>\n<p>Para nosotros, tu privacidad es primordial. Garantizamos que los datos sensibles permanezcan confidenciales, seguros y bajo tu estricto control.<\/p>\n<h2>\u00bfQu\u00e9 ofrecemos?<\/h2>\n<p>Da un paso adelante hacia un trading optimizado por IA, accediendo a las herramientas y asistencia que impulsar\u00e1n tu desarrollo:<\/p>\n<h3>Potentes herramientas de IA<\/h3>\n<p>Accede a se\u00f1ales de trading en vivo, reconocimiento autom\u00e1tico de patrones y predicci\u00f3n de tendencias, todo impulsado por inteligencia artificial.<\/p>\n<h3>Formaci\u00f3n integral<\/h3>\n<p>Aprende desde los fundamentos hasta t\u00e9cnicas avanzadas al nivel que elijas, ya sea a trav\u00e9s de tutoriales, seminarios web o an\u00e1lisis en profundidad. Disfruta de una biblioteca de recursos en constante expansi\u00f3n, siempre disponible para ti.<\/p>\n<h3>Comunidad de traders solidaria<\/h3>\n<p>\u00danete a una comunidad exitosa de m\u00e1s de 15,000 traders con quienes puedes compartir estrategias, trucos y experiencias reales para ayudarse mutuamente.<\/p>\n<h3>Interfaz intuitiva<\/h3>\n<p>Contamos con una plataforma generosa e intuitiva que te permite enfocarte en operar, sin complicaciones por paneles complejos.<\/p>\n<h2>Comienza tu camino hoy<\/h2>\n<p>El futuro del trading de criptomonedas ya est\u00e1 aqu\u00ed, y comienza con Trutera Trade. Aprovecha las herramientas m\u00e1s innovadoras basadas en inteligencia artificial, informaci\u00f3n ofrecida por expertos y una comunidad inclusiva de traders que crece cada d\u00eda.<\/p>\n<p>\u00bfListo para llevar tu trading al siguiente nivel? \u00danete a miles de operadores exitosos y comienza tu camino con Trutera Trade hoy mismo.<\/p>\n<p>No esperes m\u00e1s, tu futuro cripto m\u00e1s inteligente comienza ahora.<\/p>\n","protected":false},"excerpt":{"rendered":"<p>Est\u00e1 dise\u00f1ado para brindar a los traders de criptomonedas de nueva generaci\u00f3n la oportunidad de mejorar su experiencia de trading y de aprovechar la inteligencia artificial. Ya sea que seas un principiante dispuesto a aprender o un trader sofisticado buscando perfeccionar tus t\u00e1cticas, es tu comunidad confiable, base de conocimiento y recurso de trading. Nuestra [&hellip;]<\/p>\n","protected":false},"author":2,"featured_media":0,"parent":0,"menu_order":0,"comment_status":"closed","ping_status":"closed","template":"page-about.php","meta":{"footnotes":""},"class_list":["post-820","page","type-page","status-publish","hentry"],"yoast_head":"<!-- This site is optimized with the Yoast SEO plugin v27.4 - https:\/\/yoast.com\/product\/yoast-seo-wordpress\/ -->\n<title>Trutera Trade \u2122 | Offici\u00eble website 2026 | Claim nu!<\/title>\n<meta name=\"robots\" content=\"index, follow, max-snippet:-1, max-image-preview:large, max-video-preview:-1\" \/>\n<meta property=\"og:locale\" content=\"es_ES\" \/>\n<meta property=\"og:site_name\" content=\"Trutera Trade\" \/>\n<meta property=\"article:modified_time\" content=\"2026-04-19T23:12:10+00:00\" \/>\n<meta name=\"twitter:card\" content=\"summary_large_image\" \/>\n<meta name=\"twitter:label1\" content=\"Tiempo de lectura\" \/>\n\t<meta name=\"twitter:data1\" content=\"4 minutos\" \/>\n<!-- \/ Yoast SEO plugin. -->","yoast_head_json":{"title":"Trutera Trade \u2122 | Offici\u00eble website 2026 | Claim nu!","robots":{"index":"index","follow":"follow","max-snippet":"max-snippet:-1","max-image-preview":"max-image-preview:large","max-video-preview":"max-video-preview:-1"},"og_locale":"es_ES","og_site_name":"Trutera Trade","article_modified_time":"2026-04-19T23:12:10+00:00","twitter_card":"summary_large_image","twitter_misc":{"Tiempo de lectura":"4 minutos"},"schema":{"@context":"https:\/\/schema.org","@graph":[{"@type":"WebPage","@id":"https:\/\/truteratrade.com\/about-us\/","url":"https:\/\/truteratrade.com\/about-us\/","name":"Sobre nosotros - Trutera Trade","isPartOf":{"@id":"https:\/\/truteratrade.com\/#website"},"datePublished":"2023-06-21T11:29:38+00:00","dateModified":"2026-04-19T23:12:10+00:00","breadcrumb":{"@id":"https:\/\/truteratrade.com\/about-us\/#breadcrumb"},"inLanguage":"es","potentialAction":[{"@type":"ReadAction","target":["https:\/\/truteratrade.com\/about-us\/"]}]},{"@type":"BreadcrumbList","@id":"https:\/\/truteratrade.com\/about-us\/#breadcrumb","itemListElement":[{"@type":"ListItem","position":1,"name":"Home","item":"https:\/\/truteratrade.com\/"},{"@type":"ListItem","position":2,"name":"Sobre nosotros"}]},{"@type":"WebSite","@id":"https:\/\/truteratrade.com\/#website","url":"https:\/\/truteratrade.com\/","name":"Easy Edge Index","description":"Master Trading, Maximize Earnings [2025]","potentialAction":[{"@type":"SearchAction","target":{"@type":"EntryPoint","urlTemplate":"https:\/\/truteratrade.com\/?s={search_term_string}"},"query-input":{"@type":"PropertyValueSpecification","valueRequired":true,"valueName":"search_term_string"}}],"inLanguage":"es"}]}},"_links":{"self":[{"href":"https:\/\/truteratrade.com\/es\/wp-json\/wp\/v2\/pages\/820","targetHints":{"allow":["GET"]}}],"collection":[{"href":"https:\/\/truteratrade.com\/es\/wp-json\/wp\/v2\/pages"}],"about":[{"href":"https:\/\/truteratrade.com\/es\/wp-json\/wp\/v2\/types\/page"}],"author":[{"embeddable":true,"href":"https:\/\/truteratrade.com\/es\/wp-json\/wp\/v2\/users\/2"}],"replies":[{"embeddable":true,"href":"https:\/\/truteratrade.com\/es\/wp-json\/wp\/v2\/comments?post=820"}],"version-history":[{"count":1,"href":"https:\/\/truteratrade.com\/es\/wp-json\/wp\/v2\/pages\/820\/revisions"}],"predecessor-version":[{"id":824,"href":"https:\/\/truteratrade.com\/es\/wp-json\/wp\/v2\/pages\/820\/revisions\/824"}],"wp:attachment":[{"href":"https:\/\/truteratrade.com\/es\/wp-json\/wp\/v2\/media?parent=820"}],"curies":[{"name":"wp","href":"https:\/\/api.w.org\/{rel}","templated":true}]}}