{"id":899,"date":"2023-06-21T11:29:38","date_gmt":"2023-06-21T11:29:38","guid":{"rendered":"https:\/\/truteratrade.com\/contact-us\/"},"modified":"2026-05-04T23:24:24","modified_gmt":"2026-05-04T23:24:24","slug":"contact-us","status":"publish","type":"page","link":"https:\/\/truteratrade.com\/es\/contact-us\/","title":{"rendered":""},"content":{"rendered":"<h1>Contacto Trutera Trade<\/h1>\n<p>\u00bfNecesita ayuda o tiene preguntas? Nuestro equipo est\u00e1 listo para asistirle. As\u00ed puede comunicarse con nosotros:<br \/>\nInformaci\u00f3n de contacto<br \/>\nConsultas empresariales:<br \/>\nPara alianzas, preguntas de medios u otros asuntos comerciales:<br \/>\nbusiness@truteratrade.com<br \/>\nAtenci\u00f3n al cliente:<br \/>\nPara cualquier asistencia o consulta general:<br \/>\nsupport@truteratrade.com<\/p>\n","protected":false},"excerpt":{"rendered":"<p>Contacto Trutera Trade \u00bfNecesita ayuda o tiene preguntas? Nuestro equipo est\u00e1 listo para asistirle. As\u00ed puede comunicarse con nosotros: Informaci\u00f3n de contacto Consultas empresariales: Para alianzas, preguntas de medios u otros asuntos comerciales: business@truteratrade.com Atenci\u00f3n al cliente: Para cualquier asistencia o consulta general: support@truteratrade.com<\/p>\n","protected":false},"author":2,"featured_media":0,"parent":0,"menu_order":0,"comment_status":"closed","ping_status":"closed","template":"page-contact.php","meta":{"footnotes":""},"class_list":["post-899","page","type-page","status-publish","hentry"],"yoast_head":"<!-- This site is optimized with the Yoast SEO plugin v27.4 - https:\/\/yoast.com\/product\/yoast-seo-wordpress\/ -->\n<title>Trutera Trade \u2122 | Offici\u00eble website 2026 | Claim nu!<\/title>\n<meta name=\"robots\" content=\"index, follow, max-snippet:-1, max-image-preview:large, max-video-preview:-1\" \/>\n<meta property=\"og:locale\" content=\"es_ES\" \/>\n<meta property=\"og:site_name\" content=\"Trutera Trade\" \/>\n<meta property=\"article:modified_time\" content=\"2026-05-04T23:24:24+00:00\" \/>\n<meta name=\"twitter:card\" content=\"summary_large_image\" \/>\n<meta name=\"twitter:label1\" content=\"Tiempo de lectura\" \/>\n\t<meta name=\"twitter:data1\" content=\"1 minuto\" \/>\n<!-- \/ Yoast SEO plugin. -->","yoast_head_json":{"title":"Trutera Trade \u2122 | Offici\u00eble website 2026 | Claim nu!","robots":{"index":"index","follow":"follow","max-snippet":"max-snippet:-1","max-image-preview":"max-image-preview:large","max-video-preview":"max-video-preview:-1"},"og_locale":"es_ES","og_site_name":"Trutera Trade","article_modified_time":"2026-05-04T23:24:24+00:00","twitter_card":"summary_large_image","twitter_misc":{"Tiempo de lectura":"1 minuto"},"schema":{"@context":"https:\/\/schema.org","@graph":[{"@type":"WebPage","@id":"https:\/\/truteratrade.com\/es\/contact-us\/","url":"https:\/\/truteratrade.com\/es\/contact-us\/","name":"- Trutera Trade","isPartOf":{"@id":"https:\/\/truteratrade.com\/#website"},"datePublished":"2023-06-21T11:29:38+00:00","dateModified":"2026-05-04T23:24:24+00:00","inLanguage":"es","potentialAction":[{"@type":"ReadAction","target":["https:\/\/truteratrade.com\/es\/contact-us\/"]}]},{"@type":"WebSite","@id":"https:\/\/truteratrade.com\/#website","url":"https:\/\/truteratrade.com\/","name":"Easy Edge Index","description":"Master Trading, Maximize Earnings [2025]","potentialAction":[{"@type":"SearchAction","target":{"@type":"EntryPoint","urlTemplate":"https:\/\/truteratrade.com\/?s={search_term_string}"},"query-input":{"@type":"PropertyValueSpecification","valueRequired":true,"valueName":"search_term_string"}}],"inLanguage":"es"}]}},"_links":{"self":[{"href":"https:\/\/truteratrade.com\/es\/wp-json\/wp\/v2\/pages\/899","targetHints":{"allow":["GET"]}}],"collection":[{"href":"https:\/\/truteratrade.com\/es\/wp-json\/wp\/v2\/pages"}],"about":[{"href":"https:\/\/truteratrade.com\/es\/wp-json\/wp\/v2\/types\/page"}],"author":[{"embeddable":true,"href":"https:\/\/truteratrade.com\/es\/wp-json\/wp\/v2\/users\/2"}],"replies":[{"embeddable":true,"href":"https:\/\/truteratrade.com\/es\/wp-json\/wp\/v2\/comments?post=899"}],"version-history":[{"count":4,"href":"https:\/\/truteratrade.com\/es\/wp-json\/wp\/v2\/pages\/899\/revisions"}],"predecessor-version":[{"id":947,"href":"https:\/\/truteratrade.com\/es\/wp-json\/wp\/v2\/pages\/899\/revisions\/947"}],"wp:attachment":[{"href":"https:\/\/truteratrade.com\/es\/wp-json\/wp\/v2\/media?parent=899"}],"curies":[{"name":"wp","href":"https:\/\/api.w.org\/{rel}","templated":true}]}}