{"id":815,"date":"2023-06-21T11:29:38","date_gmt":"2023-06-21T11:29:38","guid":{"rendered":"https:\/\/truteratrade.com\/about-us\/"},"modified":"2026-04-19T23:11:45","modified_gmt":"2026-04-19T23:11:45","slug":"about-us","status":"publish","type":"page","link":"https:\/\/truteratrade.com\/fr\/about-us\/","title":{"rendered":"\u00c0 propos de nous"},"content":{"rendered":"<p>Il est con\u00e7u pour offrir aux traders crypto de nouvelle g\u00e9n\u00e9ration l\u2019opportunit\u00e9 d\u2019am\u00e9liorer leur exp\u00e9rience de trading et de tirer parti de l\u2019intelligence artificielle. Que vous soyez d\u00e9butant, d\u00e9sireux d\u2019apprendre, ou trader exp\u00e9riment\u00e9 souhaitant affiner vos strat\u00e9gies, Trutera Trade est votre communaut\u00e9 de confiance, votre base de connaissances et votre ressource incontournable pour le trading.<\/p>\n<h2>Notre Mission<\/h2>\n<p>Le monde \u00e9volue et se retrouve entre les mains de ceux qui poss\u00e8dent le savoir ; chez Trutera Trade, nous vivons avec la conviction que la connaissance est le pouvoir, et que l\u2019avenir du trading crypto r\u00e9side dans la puissance de l\u2019IA. Nous sommes guid\u00e9s par la certitude que la technologie la plus innovante, combin\u00e9e \u00e0 une formation de haut niveau, constitue la voie id\u00e9ale pour vous permettre de trader de fa\u00e7on plus intelligente, plus rapide, et avec davantage de confiance dans un march\u00e9 en constante \u00e9volution.<\/p>\n<p>Nous fournissons une intelligence de march\u00e9 sous forme de recommandations, pour vous aider \u00e0 prendre des d\u00e9cisions pertinentes et fond\u00e9es sur les donn\u00e9es, et ainsi effectuer des arbitrages \u00e9clair\u00e9s, loin des bruits parasites.<\/p>\n<h2>Notre Vision<\/h2>\n<p>Notre vision est de changer la perception selon laquelle le trading crypto serait inaccessible, risqu\u00e9 et peu rentable pour la plupart. Avec Trutera Trade, ce monde est d\u00e9j\u00e0 \u00e0 votre port\u00e9e. Notre mission consiste \u00e0 permettre \u00e0 tous les traders d\u2019acc\u00e9der aux meilleurs outils, aux connaissances essentielles et \u00e0 la confiance n\u00e9cessaires pour r\u00e9ussir dans un environnement crypto dynamique. Nous nous engageons \u00e0 offrir \u00e0 chaque trader les outils adapt\u00e9s, un savoir approfondi, et l\u2019assurance indispensable pour r\u00e9ussir dans le paysage mouvant des cryptomonnaies.<\/p>\n<h2>Pourquoi choisir Trutera Trade ?<\/h2>\n<p>D\u00e9veloppez votre exp\u00e9rience crypto gr\u00e2ce aux derni\u00e8res avanc\u00e9es en mati\u00e8re de syst\u00e8mes bas\u00e9s sur l\u2019IA, une infrastructure hautement s\u00e9curis\u00e9e et des ressources p\u00e9dagogiques pointues. Voici ce qui fait l\u2019originalit\u00e9 de Trutera Trade : <\/p>\n<h3>Alertes propuls\u00e9es par l\u2019IA<\/h3>\n<p>B\u00e9n\u00e9ficiez d\u2019alertes instantan\u00e9es, analys\u00e9es par l\u2019intelligence artificielle, qui scrutent les tendances du march\u00e9 et vous informent en temps r\u00e9el sur les opportunit\u00e9s \u00e0 fort potentiel, afin d\u2019augmenter la pr\u00e9cision et la rentabilit\u00e9 de vos op\u00e9rations.<\/p>\n<h3>Outils d\u2019apprentissage \u00e9tendus<\/h3>\n<p>Que vous d\u00e9couvriez les bases ou que vous souhaitiez ma\u00eetriser des strat\u00e9gies avanc\u00e9es, Trutera Trade met \u00e0 votre disposition des ressources soigneusement s\u00e9lectionn\u00e9es, adapt\u00e9es \u00e0 votre niveau.<\/p>\n<h3>Donn\u00e9es et analyses de march\u00e9 en temps r\u00e9el<\/h3>\n<p>Restez en avance sur le march\u00e9 gr\u00e2ce \u00e0 des statistiques en direct, un suivi des tendances et des pr\u00e9visions pr\u00e9cises pour prendre des d\u00e9cisions \u00e9clair\u00e9es lors de vos transactions.<\/p>\n<h3>S\u00e9curit\u00e9 de premier ordre<\/h3>\n<p>Tradez l\u2019esprit tranquille. Vos donn\u00e9es num\u00e9riques et vos actifs sont chiffr\u00e9s et s\u00e9curis\u00e9s selon les normes de s\u00e9curit\u00e9 les plus strictes du secteur.<\/p>\n<h2>Les experts derri\u00e8re Trutera Trade<\/h2>\n<p>Trutera Trade est le fruit du travail d\u2019une \u00e9quipe de v\u00e9t\u00e9rans du secteur crypto, de traders confirm\u00e9s, de programmeurs et de professionnels de la finance, qui a identifi\u00e9 un besoin sur le march\u00e9 pour une plateforme s\u00e9curis\u00e9e int\u00e9grant l\u2019IA, d\u00e9di\u00e9e \u00e0 l\u2019apprentissage et \u00e0 la performance.<\/p>\n<p>Notre \u00e9quipe \u00e9volue depuis de nombreuses ann\u00e9es dans les domaines de la blockchain, de la fintech et du trading algorithmique, et cherche aujourd&rsquo;hui \u00e0 repousser les limites de ce qu\u2019il est possible d\u2019accomplir pour les traders, gr\u00e2ce aux outils appropri\u00e9s et \u00e0 un accompagnement sur mesure.<\/p>\n<p>Nous ne construisons pas simplement une plateforme, mais nous travaillons \u00e0 b\u00e2tir un avenir o\u00f9 chaque trader crypto \u00e9volue avec confiance, s\u00e9curit\u00e9, et rentabilit\u00e9.<\/p>\n<h2>Comment assurons-nous la s\u00e9curit\u00e9 ?<\/h2>\n<p>Trutera Trade repose sur la s\u00e9curit\u00e9. Nous avons mis en place des mesures de s\u00e9curit\u00e9 de niveau entreprise pour que vous puissiez trader en toute s\u00e9r\u00e9nit\u00e9.<\/p>\n<h3>Protection des donn\u00e9es<\/h3>\n<p>Vos informations personnelles sont stock\u00e9es de mani\u00e8re s\u00e9curis\u00e9e et chiffr\u00e9e, gr\u00e2ce aux protocoles les plus performants.<\/p>\n<h3>Transactions s\u00e9curis\u00e9es<\/h3>\n<p>Le traitement des transactions repose sur une protection multicouche, garantissant la s\u00e9curit\u00e9 de vos actifs num\u00e9riques \u00e0 chaque \u00e9tape.<\/p>\n<h3>La confidentialit\u00e9 avant tout<\/h3>\n<p>Votre vie priv\u00e9e est une priorit\u00e9 et nous veillons \u00e0 ce que vos donn\u00e9es sensibles restent confidentielles, prot\u00e9g\u00e9es et sous votre strict contr\u00f4le.<\/p>\n<h2>Que proposons-nous ?<\/h2>\n<p>Faites un pas vers un trading plus \u00e9clair\u00e9 gr\u00e2ce \u00e0 des outils optimis\u00e9s par l\u2019IA et \u00e0 un accompagnement con\u00e7u pour votre progression : <\/p>\n<h3>Outils d\u2019IA performants<\/h3>\n<p>B\u00e9n\u00e9ficiez de signaux de trading en temps r\u00e9el, de la d\u00e9tection automatique de sch\u00e9mas et de pr\u00e9visions de tendances, le tout propuls\u00e9 par l\u2019intelligence artificielle.<\/p>\n<h3>Formation compl\u00e8te<\/h3>\n<p>Acqu\u00e9rez les fondamentaux et des techniques avanc\u00e9es, avec des supports adapt\u00e9s \u00e0 votre niveau : tutoriels, webinaires, analyses approfondies, et une biblioth\u00e8que de ressources en constante expansion, toujours \u00e0 port\u00e9e de main.<\/p>\n<h3>Communaut\u00e9 de traders solidaire<\/h3>\n<p>Int\u00e9grez une communaut\u00e9 dynamique de plus de 15 000 traders, partageant strat\u00e9gies, astuces et exp\u00e9riences concr\u00e8tes pour progresser ensemble.<\/p>\n<h3>Interface intuitive et conviviale<\/h3>\n<p>Profitez d\u2019une plateforme ergonomique et facile \u00e0 prendre en main, vous permettant de vous concentrer sur le trading sans vous perdre dans la complexit\u00e9 d\u2019un tableau de bord difficile \u00e0 naviguer.<\/p>\n<h2>Lancez-vous d\u00e8s aujourd\u2019hui<\/h2>\n<p>L\u2019avenir du trading crypto est enfin \u00e0 port\u00e9e de main, et il commence avec Trutera Trade. D\u00e9couvrez les outils d\u2019IA les plus r\u00e9cents, des analyses fournies par des experts, et une communaut\u00e9 de traders inclusive grandissant chaque jour.<\/p>\n<p>Pr\u00eat \u00e0 passer \u00e0 la vitesse sup\u00e9rieure ? Rejoignez des milliers de traders performants et commencez votre aventure avec Trutera Trade d\u00e8s aujourd\u2019hui.<\/p>\n<p>N\u2019attendez plus : votre futur crypto, plus intelligent, commence maintenant.<\/p>\n","protected":false},"excerpt":{"rendered":"<p>Il est con\u00e7u pour offrir aux traders crypto de nouvelle g\u00e9n\u00e9ration l\u2019opportunit\u00e9 d\u2019am\u00e9liorer leur exp\u00e9rience de trading et de tirer parti de l\u2019intelligence artificielle. Que vous soyez d\u00e9butant, d\u00e9sireux d\u2019apprendre, ou trader exp\u00e9riment\u00e9 souhaitant affiner vos strat\u00e9gies, est votre communaut\u00e9 de confiance, votre base de connaissances et votre ressource incontournable pour le trading. Notre Mission [&hellip;]<\/p>\n","protected":false},"author":2,"featured_media":0,"parent":0,"menu_order":0,"comment_status":"closed","ping_status":"closed","template":"page-about.php","meta":{"footnotes":""},"class_list":["post-815","page","type-page","status-publish","hentry"],"yoast_head":"<!-- This site is optimized with the Yoast SEO plugin v27.4 - https:\/\/yoast.com\/product\/yoast-seo-wordpress\/ -->\n<title>Trutera Trade \u2122 | Offici\u00eble website 2026 | Claim nu!<\/title>\n<meta name=\"robots\" content=\"index, follow, max-snippet:-1, max-image-preview:large, max-video-preview:-1\" \/>\n<meta property=\"og:locale\" content=\"fr_FR\" \/>\n<meta property=\"og:site_name\" content=\"Trutera Trade\" \/>\n<meta property=\"article:modified_time\" content=\"2026-04-19T23:11:45+00:00\" \/>\n<meta name=\"twitter:card\" content=\"summary_large_image\" \/>\n<meta name=\"twitter:label1\" content=\"Dur\u00e9e de lecture estim\u00e9e\" \/>\n\t<meta name=\"twitter:data1\" content=\"5 minutes\" \/>\n<!-- \/ Yoast SEO plugin. -->","yoast_head_json":{"title":"Trutera Trade \u2122 | Offici\u00eble website 2026 | Claim nu!","robots":{"index":"index","follow":"follow","max-snippet":"max-snippet:-1","max-image-preview":"max-image-preview:large","max-video-preview":"max-video-preview:-1"},"og_locale":"fr_FR","og_site_name":"Trutera Trade","article_modified_time":"2026-04-19T23:11:45+00:00","twitter_card":"summary_large_image","twitter_misc":{"Dur\u00e9e de lecture estim\u00e9e":"5 minutes"},"schema":{"@context":"https:\/\/schema.org","@graph":[{"@type":"WebPage","@id":"https:\/\/truteratrade.com\/about-us\/","url":"https:\/\/truteratrade.com\/about-us\/","name":"\u00c0 propos de nous - Trutera Trade","isPartOf":{"@id":"https:\/\/truteratrade.com\/#website"},"datePublished":"2023-06-21T11:29:38+00:00","dateModified":"2026-04-19T23:11:45+00:00","breadcrumb":{"@id":"https:\/\/truteratrade.com\/about-us\/#breadcrumb"},"inLanguage":"fr-FR","potentialAction":[{"@type":"ReadAction","target":["https:\/\/truteratrade.com\/about-us\/"]}]},{"@type":"BreadcrumbList","@id":"https:\/\/truteratrade.com\/about-us\/#breadcrumb","itemListElement":[{"@type":"ListItem","position":1,"name":"Home","item":"https:\/\/truteratrade.com\/"},{"@type":"ListItem","position":2,"name":"\u00c0 propos de nous"}]},{"@type":"WebSite","@id":"https:\/\/truteratrade.com\/#website","url":"https:\/\/truteratrade.com\/","name":"Easy Edge Index","description":"Master Trading, Maximize Earnings [2025]","potentialAction":[{"@type":"SearchAction","target":{"@type":"EntryPoint","urlTemplate":"https:\/\/truteratrade.com\/?s={search_term_string}"},"query-input":{"@type":"PropertyValueSpecification","valueRequired":true,"valueName":"search_term_string"}}],"inLanguage":"fr-FR"}]}},"_links":{"self":[{"href":"https:\/\/truteratrade.com\/fr\/wp-json\/wp\/v2\/pages\/815","targetHints":{"allow":["GET"]}}],"collection":[{"href":"https:\/\/truteratrade.com\/fr\/wp-json\/wp\/v2\/pages"}],"about":[{"href":"https:\/\/truteratrade.com\/fr\/wp-json\/wp\/v2\/types\/page"}],"author":[{"embeddable":true,"href":"https:\/\/truteratrade.com\/fr\/wp-json\/wp\/v2\/users\/2"}],"replies":[{"embeddable":true,"href":"https:\/\/truteratrade.com\/fr\/wp-json\/wp\/v2\/comments?post=815"}],"version-history":[{"count":1,"href":"https:\/\/truteratrade.com\/fr\/wp-json\/wp\/v2\/pages\/815\/revisions"}],"predecessor-version":[{"id":822,"href":"https:\/\/truteratrade.com\/fr\/wp-json\/wp\/v2\/pages\/815\/revisions\/822"}],"wp:attachment":[{"href":"https:\/\/truteratrade.com\/fr\/wp-json\/wp\/v2\/media?parent=815"}],"curies":[{"name":"wp","href":"https:\/\/api.w.org\/{rel}","templated":true}]}}