{"id":894,"date":"2023-06-21T11:29:38","date_gmt":"2023-06-21T11:29:38","guid":{"rendered":"https:\/\/truteratrade.com\/contact-us\/"},"modified":"2026-05-04T23:17:11","modified_gmt":"2026-05-04T23:17:11","slug":"contact-us","status":"publish","type":"page","link":"https:\/\/truteratrade.com\/fr\/contact-us\/","title":{"rendered":""},"content":{"rendered":"<h1>Contactez Trutera Trade<\/h1>\n<p>Besoin d\u2019aide ou de renseignements ? Notre \u00e9quipe est pr\u00eate \u00e0 vous assister. Voici comment nous contacter :<br \/>\nInformations de contact<br \/>\nDemandes commerciales :<br \/>\nPour les partenariats, les questions m\u00e9dias ou toute autre affaire professionnelle :<br \/>\nbusiness@truteratrade.com<br \/>\nSupport client :<br \/>\nPour toute demande d\u2019assistance ou question g\u00e9n\u00e9rale :<br \/>\nsupport@truteratrade.com<\/p>\n","protected":false},"excerpt":{"rendered":"<p>Contactez Trutera Trade Besoin d\u2019aide ou de renseignements ? Notre \u00e9quipe est pr\u00eate \u00e0 vous assister. Voici comment nous contacter : Informations de contact Demandes commerciales : Pour les partenariats, les questions m\u00e9dias ou toute autre affaire professionnelle : business@truteratrade.com Support client : Pour toute demande d\u2019assistance ou question g\u00e9n\u00e9rale : support@truteratrade.com<\/p>\n","protected":false},"author":2,"featured_media":0,"parent":0,"menu_order":0,"comment_status":"closed","ping_status":"closed","template":"page-contact.php","meta":{"footnotes":""},"class_list":["post-894","page","type-page","status-publish","hentry"],"yoast_head":"<!-- This site is optimized with the Yoast SEO plugin v27.4 - https:\/\/yoast.com\/product\/yoast-seo-wordpress\/ -->\n<title>Trutera Trade \u2122 | Offici\u00eble website 2026 | Claim nu!<\/title>\n<meta name=\"robots\" content=\"index, follow, max-snippet:-1, max-image-preview:large, max-video-preview:-1\" \/>\n<meta property=\"og:locale\" content=\"fr_FR\" \/>\n<meta property=\"og:site_name\" content=\"Trutera Trade\" \/>\n<meta property=\"article:modified_time\" content=\"2026-05-04T23:17:11+00:00\" \/>\n<meta name=\"twitter:card\" content=\"summary_large_image\" \/>\n<meta name=\"twitter:label1\" content=\"Dur\u00e9e de lecture estim\u00e9e\" \/>\n\t<meta name=\"twitter:data1\" content=\"1 minute\" \/>\n<!-- \/ Yoast SEO plugin. -->","yoast_head_json":{"title":"Trutera Trade \u2122 | Offici\u00eble website 2026 | Claim nu!","robots":{"index":"index","follow":"follow","max-snippet":"max-snippet:-1","max-image-preview":"max-image-preview:large","max-video-preview":"max-video-preview:-1"},"og_locale":"fr_FR","og_site_name":"Trutera Trade","article_modified_time":"2026-05-04T23:17:11+00:00","twitter_card":"summary_large_image","twitter_misc":{"Dur\u00e9e de lecture estim\u00e9e":"1 minute"},"schema":{"@context":"https:\/\/schema.org","@graph":[{"@type":"WebPage","@id":"https:\/\/truteratrade.com\/fr\/contact-us\/","url":"https:\/\/truteratrade.com\/fr\/contact-us\/","name":"- Trutera Trade","isPartOf":{"@id":"https:\/\/truteratrade.com\/#website"},"datePublished":"2023-06-21T11:29:38+00:00","dateModified":"2026-05-04T23:17:11+00:00","inLanguage":"fr-FR","potentialAction":[{"@type":"ReadAction","target":["https:\/\/truteratrade.com\/fr\/contact-us\/"]}]},{"@type":"WebSite","@id":"https:\/\/truteratrade.com\/#website","url":"https:\/\/truteratrade.com\/","name":"Easy Edge Index","description":"Master Trading, Maximize Earnings [2025]","potentialAction":[{"@type":"SearchAction","target":{"@type":"EntryPoint","urlTemplate":"https:\/\/truteratrade.com\/?s={search_term_string}"},"query-input":{"@type":"PropertyValueSpecification","valueRequired":true,"valueName":"search_term_string"}}],"inLanguage":"fr-FR"}]}},"_links":{"self":[{"href":"https:\/\/truteratrade.com\/fr\/wp-json\/wp\/v2\/pages\/894","targetHints":{"allow":["GET"]}}],"collection":[{"href":"https:\/\/truteratrade.com\/fr\/wp-json\/wp\/v2\/pages"}],"about":[{"href":"https:\/\/truteratrade.com\/fr\/wp-json\/wp\/v2\/types\/page"}],"author":[{"embeddable":true,"href":"https:\/\/truteratrade.com\/fr\/wp-json\/wp\/v2\/users\/2"}],"replies":[{"embeddable":true,"href":"https:\/\/truteratrade.com\/fr\/wp-json\/wp\/v2\/comments?post=894"}],"version-history":[{"count":4,"href":"https:\/\/truteratrade.com\/fr\/wp-json\/wp\/v2\/pages\/894\/revisions"}],"predecessor-version":[{"id":935,"href":"https:\/\/truteratrade.com\/fr\/wp-json\/wp\/v2\/pages\/894\/revisions\/935"}],"wp:attachment":[{"href":"https:\/\/truteratrade.com\/fr\/wp-json\/wp\/v2\/media?parent=894"}],"curies":[{"name":"wp","href":"https:\/\/api.w.org\/{rel}","templated":true}]}}