{"id":817,"date":"2023-06-21T11:29:38","date_gmt":"2023-06-21T11:29:38","guid":{"rendered":"https:\/\/truteratrade.com\/about-us\/"},"modified":"2026-04-19T23:13:17","modified_gmt":"2026-04-19T23:13:17","slug":"about-us","status":"publish","type":"page","link":"https:\/\/truteratrade.com\/it\/about-us\/","title":{"rendered":"Acerca de Nosotros"},"content":{"rendered":"<p>Il est con\u00e7u pour offrir aux traders crypto de nouvelle g\u00e9n\u00e9ration l\u2019opportunit\u00e9 d\u2019am\u00e9liorer leur exp\u00e9rience de trading et de tirer parti de l\u2019intelligence artificielle. Que vous soyez un d\u00e9butant d\u00e9sireux d\u2019apprendre ou un trader chevronn\u00e9 souhaitant affiner ses strat\u00e9gies, Trutera Trade est votre communaut\u00e9 de confiance, base de connaissances et ressource de trading incontournable.<\/p>\n<h2>Notre mission<\/h2>\n<p>Le monde \u00e9volue et se trouve d\u00e9sormais entre les mains de ceux qui d\u00e9tiennent le savoir ; chez Trutera Trade, nous vivons selon l\u2019id\u00e9e que la connaissance est le pouvoir et que l\u2019avenir du trading crypto r\u00e9side dans la puissance de l\u2019IA. Nous sommes anim\u00e9s par la conviction que la technologie la plus innovante alli\u00e9e \u00e0 une formation d\u2019excellence sont les cl\u00e9s pour vous permettre de trader plus intelligemment, plus rapidement et avec davantage de confiance dans un march\u00e9 en constante mutation.<\/p>\n<p>Nous fournissons une veille de march\u00e9 sous forme de recommandations, vous permettant d\u2019adopter des d\u00e9cisions pertinentes et fond\u00e9es sur les donn\u00e9es, pour un arbitrage \u00e9clair\u00e9, loin du bruit de fond.<\/p>\n<h2>Notre vision<\/h2>\n<p>Notre vision est de changer la perception selon laquelle le trading crypto doit \u00eatre inaccessible, risqu\u00e9 et peu rentable pour la plupart. Trutera Trade vous offre d\u00e9j\u00e0 un acc\u00e8s \u00e0 cet univers. Notre mission, c\u2019est d\u2019aider tous les traders \u00e0 b\u00e9n\u00e9ficier des meilleurs outils, connaissances et confiance dans un \u00e9cosyst\u00e8me crypto dynamique, afin de r\u00e9ussir. Nous nous engageons \u00e0 offrir \u00e0 chaque trader les outils, le savoir et l\u2019assurance n\u00e9cessaires pour prosp\u00e9rer dans le paysage en constante \u00e9volution des crypto-actifs.<\/p>\n<h2>Qu\u2019est-ce qui fait de Trutera Trade un choix id\u00e9al\u202f?<\/h2>\n<p>Optimisez votre exp\u00e9rience crypto gr\u00e2ce aux derni\u00e8res innovations en mati\u00e8re de syst\u00e8mes bas\u00e9s sur l\u2019IA, \u00e0 une infrastructure s\u00e9curis\u00e9e et \u00e0 des sources \u00e9ducatives de qualit\u00e9. Voil\u00e0 ce qui distingue Trutera Trade\u202f:<\/p>\n<h3>Alertes aliment\u00e9es par l\u2019IA<\/h3>\n<p>B\u00e9n\u00e9ficiez d\u2019alertes en temps r\u00e9el propuls\u00e9es par l\u2019IA, qui analysent les tendances du march\u00e9 et vous informent des opportunit\u00e9s \u00e0 fort potentiel, augmentant ainsi pr\u00e9cision et rentabilit\u00e9.<\/p>\n<h3>Outils p\u00e9dagogiques complets<\/h3>\n<p>Qu\u2019il s\u2019agisse de d\u00e9couvrir les bases ou d\u2019apprendre des strat\u00e9gies de trading avanc\u00e9es, Trutera Trade met \u00e0 votre disposition un ensemble soigneusement s\u00e9lectionn\u00e9 de contenus \u00e9ducatifs adapt\u00e9s \u00e0 chaque niveau.<\/p>\n<h3>Donn\u00e9es et analyses de march\u00e9 en direct<\/h3>\n<p>Gardez une longueur d\u2019avance gr\u00e2ce \u00e0 des statistiques en temps r\u00e9el, une surveillance des tendances et des pr\u00e9visions fiables, pour prendre des d\u00e9cisions de trading \u00e9clair\u00e9es sur le moment.<\/p>\n<h3>S\u00e9curit\u00e9 de premier ordre<\/h3>\n<p>Tradez en toute s\u00e9r\u00e9nit\u00e9. Vos informations et ressources num\u00e9riques sont chiffr\u00e9es et prot\u00e9g\u00e9es conform\u00e9ment aux normes de s\u00e9curit\u00e9 les plus \u00e9lev\u00e9es du secteur.<\/p>\n<h2>L\u2019\u00e9quipe derri\u00e8re Trutera Trade<\/h2>\n<p>Le projet est d\u00e9velopp\u00e9 par un groupe de v\u00e9t\u00e9rans de la crypto, de traders exp\u00e9riment\u00e9s, de d\u00e9veloppeurs et d\u2019experts issus de la finance, qui ont lanc\u00e9 Trutera Trade pour combler un besoin identifi\u00e9\u202f: une plateforme s\u00e9curis\u00e9e, propuls\u00e9e par l\u2019IA, favorisant \u00e0 la fois l\u2019apprentissage et la performance.<\/p>\n<p>Notre \u00e9quipe op\u00e8re dans les domaines du blockchain, de la fintech et du trading algorithmique depuis plusieurs ann\u00e9es, et souhaite aujourd\u2019hui repousser les limites de ce qu\u2019il est possible d\u2019accomplir gr\u00e2ce aux bons outils et au bon accompagnement.<\/p>\n<p>Notre ambition ne se limite pas \u00e0 la cr\u00e9ation d\u2019une plateforme\u202f: nous construisons un avenir o\u00f9 chaque trader crypto \u00e9volue avec confiance, s\u00e9curit\u00e9 et rentabilit\u00e9.<\/p>\n<h2>Notre engagement s\u00e9curit\u00e9<\/h2>\n<p>Trutera Trade est b\u00e2ti sur la s\u00e9curit\u00e9. Nous avons mis en place une s\u00e9curit\u00e9 de niveau entreprise pour vous offrir une tranquillit\u00e9 d\u2019esprit totale lors de vos op\u00e9rations.<\/p>\n<h3>Protection des donn\u00e9es<\/h3>\n<p>Vos informations personnelles sont stock\u00e9es de mani\u00e8re chiffr\u00e9e et s\u00e9curis\u00e9e, \u00e0 l\u2019aide des meilleurs protocoles existants.<\/p>\n<h3>Transactions s\u00e9curis\u00e9es<\/h3>\n<p>Le traitement des transactions repose sur une protection \u00e0 plusieurs niveaux, assurant ainsi la s\u00e9curit\u00e9 de vos actifs num\u00e9riques \u00e0 chaque \u00e9tape.<\/p>\n<h3>Priorit\u00e9 \u00e0 la confidentialit\u00e9<\/h3>\n<p>Votre vie priv\u00e9e est essentielle\u202f: nous garantissons que vos donn\u00e9es sensibles restent confidentielles, prot\u00e9g\u00e9es et enti\u00e8rement sous votre contr\u00f4le.<\/p>\n<h2>Nos offres<\/h2>\n<p>Faites un pas vers un trading optimis\u00e9 par l\u2019IA, avec des outils et un accompagnement con\u00e7us pour vous faire progresser\u202f:<\/p>\n<h3>Outils IA performants<\/h3>\n<p>B\u00e9n\u00e9ficiez de signaux de trading en direct, de d\u00e9tection automatique des sch\u00e9mas et de pr\u00e9visions de tendances, le tout avec le soutien de l\u2019intelligence artificielle.<\/p>\n<h3>Formation compl\u00e8te<\/h3>\n<p>Ma\u00eetrisez aussi bien les fondamentaux que des techniques avanc\u00e9es au rythme de votre choix\u202f: tutoriels, webinaires, analyses approfondies et une biblioth\u00e8que de ressources en constante expansion, accessibles en permanence.<\/p>\n<h3>Communaut\u00e9 d\u2019entraide<\/h3>\n<p>Faites partie d\u2019une communaut\u00e9 florissante de plus de 15\u202f000 traders, partageant strat\u00e9gies, astuces et retours d\u2019exp\u00e9rience pour s\u2019entraider mutuellement.<\/p>\n<h3>Interface intuitive<\/h3>\n<p>Profitez d\u2019une plateforme conviviale \u00e0 l\u2019interface intuitive, pour vous focaliser sur vos op\u00e9rations sans perdre de temps \u00e0 g\u00e9rer un tableau de bord complexe.<\/p>\n<h2>Lancez-vous d\u00e8s aujourd\u2019hui<\/h2>\n<p>L\u2019avenir du trading crypto est \u00e0 port\u00e9e de main, et cela commence avec Trutera Trade. Profitez des outils IA les plus innovants, de l\u2019expertise de nos sp\u00e9cialistes, et d\u2019une communaut\u00e9 de traders grandissante chaque jour.<\/p>\n<p>Pr\u00eat \u00e0 passer au niveau sup\u00e9rieur\u202f? Rejoignez des milliers de traders performants et entamez votre parcours avec Trutera Trade d\u00e8s maintenant.<\/p>\n<p>N\u2019attendez plus\u202f: votre avenir crypto, plus intelligent, commence aujourd\u2019hui.<\/p>\n","protected":false},"excerpt":{"rendered":"<p>Il est con\u00e7u pour offrir aux traders crypto de nouvelle g\u00e9n\u00e9ration l\u2019opportunit\u00e9 d\u2019am\u00e9liorer leur exp\u00e9rience de trading et de tirer parti de l\u2019intelligence artificielle. Que vous soyez un d\u00e9butant d\u00e9sireux d\u2019apprendre ou un trader chevronn\u00e9 souhaitant affiner ses strat\u00e9gies, est votre communaut\u00e9 de confiance, base de connaissances et ressource de trading incontournable. Notre mission Le [&hellip;]<\/p>\n","protected":false},"author":2,"featured_media":0,"parent":0,"menu_order":0,"comment_status":"closed","ping_status":"closed","template":"page-about.php","meta":{"footnotes":""},"class_list":["post-817","page","type-page","status-publish","hentry"],"yoast_head":"<!-- This site is optimized with the Yoast SEO plugin v27.4 - https:\/\/yoast.com\/product\/yoast-seo-wordpress\/ -->\n<title>Trutera Trade \u2122 | Offici\u00eble website 2026 | Claim nu!<\/title>\n<meta name=\"robots\" content=\"index, follow, max-snippet:-1, max-image-preview:large, max-video-preview:-1\" \/>\n<meta property=\"og:locale\" content=\"it_IT\" \/>\n<meta property=\"og:site_name\" content=\"Trutera Trade\" \/>\n<meta property=\"article:modified_time\" content=\"2026-04-19T23:13:17+00:00\" \/>\n<meta name=\"twitter:card\" content=\"summary_large_image\" \/>\n<meta name=\"twitter:label1\" content=\"Tempo di lettura stimato\" \/>\n\t<meta name=\"twitter:data1\" content=\"5 minuti\" \/>\n<!-- \/ Yoast SEO plugin. -->","yoast_head_json":{"title":"Trutera Trade \u2122 | Offici\u00eble website 2026 | Claim nu!","robots":{"index":"index","follow":"follow","max-snippet":"max-snippet:-1","max-image-preview":"max-image-preview:large","max-video-preview":"max-video-preview:-1"},"og_locale":"it_IT","og_site_name":"Trutera Trade","article_modified_time":"2026-04-19T23:13:17+00:00","twitter_card":"summary_large_image","twitter_misc":{"Tempo di lettura stimato":"5 minuti"},"schema":{"@context":"https:\/\/schema.org","@graph":[{"@type":"WebPage","@id":"https:\/\/truteratrade.com\/about-us\/","url":"https:\/\/truteratrade.com\/about-us\/","name":"Acerca de Nosotros - Trutera Trade","isPartOf":{"@id":"https:\/\/truteratrade.com\/#website"},"datePublished":"2023-06-21T11:29:38+00:00","dateModified":"2026-04-19T23:13:17+00:00","breadcrumb":{"@id":"https:\/\/truteratrade.com\/about-us\/#breadcrumb"},"inLanguage":"it-IT","potentialAction":[{"@type":"ReadAction","target":["https:\/\/truteratrade.com\/about-us\/"]}]},{"@type":"BreadcrumbList","@id":"https:\/\/truteratrade.com\/about-us\/#breadcrumb","itemListElement":[{"@type":"ListItem","position":1,"name":"Home","item":"https:\/\/truteratrade.com\/"},{"@type":"ListItem","position":2,"name":"Acerca de Nosotros"}]},{"@type":"WebSite","@id":"https:\/\/truteratrade.com\/#website","url":"https:\/\/truteratrade.com\/","name":"Easy Edge Index","description":"Master Trading, Maximize Earnings [2025]","potentialAction":[{"@type":"SearchAction","target":{"@type":"EntryPoint","urlTemplate":"https:\/\/truteratrade.com\/?s={search_term_string}"},"query-input":{"@type":"PropertyValueSpecification","valueRequired":true,"valueName":"search_term_string"}}],"inLanguage":"it-IT"}]}},"_links":{"self":[{"href":"https:\/\/truteratrade.com\/it\/wp-json\/wp\/v2\/pages\/817","targetHints":{"allow":["GET"]}}],"collection":[{"href":"https:\/\/truteratrade.com\/it\/wp-json\/wp\/v2\/pages"}],"about":[{"href":"https:\/\/truteratrade.com\/it\/wp-json\/wp\/v2\/types\/page"}],"author":[{"embeddable":true,"href":"https:\/\/truteratrade.com\/it\/wp-json\/wp\/v2\/users\/2"}],"replies":[{"embeddable":true,"href":"https:\/\/truteratrade.com\/it\/wp-json\/wp\/v2\/comments?post=817"}],"version-history":[{"count":1,"href":"https:\/\/truteratrade.com\/it\/wp-json\/wp\/v2\/pages\/817\/revisions"}],"predecessor-version":[{"id":829,"href":"https:\/\/truteratrade.com\/it\/wp-json\/wp\/v2\/pages\/817\/revisions\/829"}],"wp:attachment":[{"href":"https:\/\/truteratrade.com\/it\/wp-json\/wp\/v2\/media?parent=817"}],"curies":[{"name":"wp","href":"https:\/\/api.w.org\/{rel}","templated":true}]}}