{"id":818,"date":"2023-06-21T11:29:38","date_gmt":"2023-06-21T11:29:38","guid":{"rendered":"https:\/\/truteratrade.com\/about-us\/"},"modified":"2026-04-19T23:13:31","modified_gmt":"2026-04-19T23:13:31","slug":"about-us","status":"publish","type":"page","link":"https:\/\/truteratrade.com\/pl\/about-us\/","title":{"rendered":"O nas"},"content":{"rendered":"<p>Platforma zosta\u0142a stworzona, by zapewni\u0107 nowoczesnym inwestorom kryptowalutowym mo\u017cliwo\u015b\u0107 podniesienia jako\u015bci handlu oraz wykorzystania zalet sztucznej inteligencji. Niezale\u017cnie od tego, czy dopiero zaczynasz i szukasz wiedzy, czy jeste\u015b do\u015bwiadczonym traderem doskonal\u0105cym swoje strategie, Trutera Trade to Twoja zaufana spo\u0142eczno\u015b\u0107, baza wiedzy oraz profesjonalne narz\u0119dzie do handlu.<\/p>\n<h2>Nasza Misja<\/h2>\n<p>\u015awiat si\u0119 zmienia i coraz mocniej rz\u0105dz\u0105 nim ci, kt\u00f3rzy posiadaj\u0105 wiedz\u0119; w Trutera Trade \u017cyjemy z przekonaniem, \u017ce wiedza to pot\u0119ga, a przysz\u0142o\u015b\u0107 handlu kryptowalutami nale\u017cy do sztucznej inteligencji. Wierzymy, \u017ce po\u0142\u0105czenie najnowocze\u015bniejszej technologii z wysokiej klasy edukacj\u0105 to najlepsza droga do tego, aby handlowa\u0107 m\u0105drzej, szybciej i z wi\u0119ksz\u0105 pewno\u015bci\u0105 siebie w nieustannie zmieniaj\u0105cym si\u0119 rynku.<\/p>\n<p>Dostarczamy wywiad rynkowy w formie rekomendacji, dzi\u0119ki kt\u00f3rym podejmowanie trafnych, popartych danymi decyzji jest \u0142atwe, a szum informacyjny zostaje ograniczony do minimum.<\/p>\n<h2>Nasza Wizja<\/h2>\n<p>Nasz\u0105 wizj\u0105 jest odczarowanie przekonania, \u017ce handel kryptowalutami musi by\u0107 niedost\u0119pny, niebezpieczny i nieop\u0142acalny dla wi\u0119kszo\u015bci ludzi. Dzi\u0119ki Trutera Trade taka rzeczywisto\u015b\u0107 jest ju\u017c mo\u017cliwa. Nasz\u0105 misj\u0105 jest umo\u017cliwienie wszystkim traderom dost\u0119pu do najlepszych narz\u0119dzi, wiedzy i pewno\u015bci siebie, aby mogli skutecznie dzia\u0142a\u0107 w dynamicznym \u015brodowisku kryptowalut. Z pe\u0142nym zaanga\u017cowaniem wspieramy ka\u017cdego inwestora, zapewniaj\u0105c niezb\u0119dne narz\u0119dzia, wiedz\u0119 i wsparcie, aby odnosi\u0107 sukcesy na zmiennym rynku krypto.<\/p>\n<h2>Dlaczego warto wybra\u0107 Trutera Trade?<\/h2>\n<p>Wznie\u015b swoje do\u015bwiadczenie w \u015bwiecie kryptowalut na wy\u017cszy poziom, korzystaj\u0105c z najnowszych osi\u0105gni\u0119\u0107 system\u00f3w opartych na AI, solidnej infrastruktury bezpiecze\u0144stwa i bogatych zasob\u00f3w edukacyjnych. Oto, co wyr\u00f3\u017cnia Trutera Trade:<\/p>\n<h3>Powiadomienia wspierane przez AI<\/h3>\n<p>Korzystaj z powiadomie\u0144 w czasie rzeczywistym opartych na analizach sztucznej inteligencji, kt\u00f3re obserwuj\u0105 trendy rynkowe i wskazuj\u0105 okazje o wysokim potencjale, zwi\u0119kszaj\u0105c skuteczno\u015b\u0107 i zyskowno\u015b\u0107 Twojego handlu.<\/p>\n<h3>Obszerne narz\u0119dzia edukacyjne<\/h3>\n<p>Niezale\u017cnie od tego, czy zdobywasz podstawow\u0105 wiedz\u0119, czy zg\u0142\u0119biasz zaawansowane strategie handlowe, Trutera Trade zapewnia starannie dobrane materia\u0142y edukacyjne, dostosowane do Twojego poziomu zaawansowania.<\/p>\n<h3>Dane rynkowe i analizy na \u017cywo<\/h3>\n<p>B\u0105d\u017a o krok przed innymi, korzystaj\u0105c z aktualnych statystyk, monitoringu trend\u00f3w oraz precyzyjnych prognoz, kt\u00f3re pozwol\u0105 Ci podejmowa\u0107 trafniejsze decyzje inwestycyjne.<\/p>\n<h3>Najwy\u017cszy poziom bezpiecze\u0144stwa<\/h3>\n<p>Handluj ze spokojem. Twoje dane i \u015brodki s\u0105 szyfrowane i chronione zgodnie z najsurowszymi standardami bezpiecze\u0144stwa bran\u017cowego.<\/p>\n<h2>Ludzie stoj\u0105cy za Trutera Trade<\/h2>\n<p>Platforma zosta\u0142a stworzona przez zesp\u00f3\u0142 do\u015bwiadczonych weteran\u00f3w rynku krypto, trader\u00f3w, programist\u00f3w oraz ekspert\u00f3w bran\u017cy finansowej, aby wype\u0142ni\u0107 nisz\u0119 na bezpiecznej, wspieranej przez sztuczn\u0105 inteligencj\u0119 platformie \u0142\u0105cz\u0105cej nauk\u0119 z realnymi wynikami.<\/p>\n<p>Nasz zesp\u00f3\u0142 od lat dzia\u0142a w obszarze blockchain, fintech i algotradingu \u2013 dzi\u015b nasz\u0105 ambicj\u0105 jest przesuwanie granic tego, co traderzy mog\u0105 osi\u0105gn\u0105\u0107 z odpowiednimi narz\u0119dziami i wsparciem.<\/p>\n<p>Budujemy nie tylko platform\u0119, lecz tak\u017ce przysz\u0142o\u015b\u0107, w kt\u00f3rej ka\u017cdy inwestor kryptowalutowy handluje z pewno\u015bci\u0105 siebie, bezpiecze\u0144stwem i skutecznie pomna\u017ca swoje zyski.<\/p>\n<h2>Jak dbamy o Twoje bezpiecze\u0144stwo<\/h2>\n<p>Trutera Trade zosta\u0142a zaprojektowana z my\u015bl\u0105 o bezpiecze\u0144stwie. Wdro\u017cyli\u015bmy rozwi\u0105zania klasy korporacyjnej, by\u015b m\u00f3g\u0142 handlowa\u0107 bez obaw.<\/p>\n<h3>Ochrona danych<\/h3>\n<p>Twoje dane osobowe s\u0105 przechowywane w spos\u00f3b zaszyfrowany i bezpieczny z wykorzystaniem najlepszych dost\u0119pnych protoko\u0142\u00f3w.<\/p>\n<h3>Bezpieczne transakcje<\/h3>\n<p>Przetwarzanie operacji przebiega z zastosowaniem wielowarstwowych zabezpiecze\u0144, co gwarantuje ochron\u0119 Twoich cyfrowych aktyw\u00f3w na ka\u017cdym etapie.<\/p>\n<h3>Prywatno\u015b\u0107 przede wszystkim<\/h3>\n<p>Cenimy Twoj\u0105 prywatno\u015b\u0107 i dbamy, by wszelkie wra\u017cliwe informacje pozostawa\u0142y poufne, chronione i pod Twoj\u0105 pe\u0142n\u0105 kontrol\u0105.<\/p>\n<h2>Co oferujemy?<\/h2>\n<p>Postaw na nowoczesny, zoptymalizowany dzi\u0119ki AI handel i korzystaj z narz\u0119dzi oraz wsparcia, kt\u00f3re pomog\u0105 Ci rozwija\u0107 si\u0119 jako trader:<\/p>\n<h3>Zaawansowane narz\u0119dzia AI<\/h3>\n<p>Uzyskaj dost\u0119p do sygna\u0142\u00f3w transakcyjnych na \u017cywo, automatycznego wykrywania wzorc\u00f3w oraz prognozowania trend\u00f3w \u2013 wszystko to dzi\u0119ki wsparciu sztucznej inteligencji.<\/p>\n<h3>Wszechstronna edukacja<\/h3>\n<p>Poznaj podstawy i zaawansowane techniki handlu na wybranym przez siebie poziomie \u2013 poprzez tutoriale, webinaria czy dog\u0142\u0119bne analizy. Korzystaj z wci\u0105\u017c rozwijaj\u0105cej si\u0119 biblioteki materia\u0142\u00f3w, dost\u0119pnych zawsze pod r\u0119k\u0105.<\/p>\n<h3>Wspieraj\u0105ca spo\u0142eczno\u015b\u0107 trader\u00f3w<\/h3>\n<p>Do\u0142\u0105cz do pr\u0119\u017cnej spo\u0142eczno\u015bci ponad 15 000 trader\u00f3w, kt\u00f3rzy dziel\u0105 si\u0119 swoimi strategiami, sztuczkami i do\u015bwiadczeniami, aby nawzajem si\u0119 wspiera\u0107.<\/p>\n<h3>Przyjazny interfejs<\/h3>\n<p>Oferujemy platform\u0119 o przyst\u0119pnym, intuicyjnym interfejsie, kt\u00f3ry pozwola Ci skupi\u0107 si\u0119 na handlu bez zb\u0119dnej walki z obs\u0142ug\u0105 skomplikowanego panelu.<\/p>\n<h2>Rozpocznij swoj\u0105 podr\u00f3\u017c ju\u017c dzi\u015b<\/h2>\n<p>Przysz\u0142o\u015b\u0107 handlu kryptowalutami w\u0142a\u015bnie nadesz\u0142a \u2013 i zaczyna si\u0119 z Trutera Trade. Skorzystaj z najnowszych narz\u0119dzi AI, profesjonalnych analiz ekspert\u00f3w i do\u0142\u0105cz do stale rosn\u0105cej spo\u0142eczno\u015bci trader\u00f3w.<\/p>\n<p>Chcesz wej\u015b\u0107 na wy\u017cszy poziom tradingu? Do\u0142\u0105cz do tysi\u0119cy skutecznych trader\u00f3w i rozpocznij swoj\u0105 przygod\u0119 z Trutera Trade ju\u017c dzi\u015b.<\/p>\n<p>Nie zwlekaj \u2013 Twoja m\u0105drzejsza przysz\u0142o\u015b\u0107 w \u015bwiecie kryptowalut zaczyna si\u0119 teraz.<\/p>\n","protected":false},"excerpt":{"rendered":"<p>Platforma zosta\u0142a stworzona, by zapewni\u0107 nowoczesnym inwestorom kryptowalutowym mo\u017cliwo\u015b\u0107 podniesienia jako\u015bci handlu oraz wykorzystania zalet sztucznej inteligencji. Niezale\u017cnie od tego, czy dopiero zaczynasz i szukasz wiedzy, czy jeste\u015b do\u015bwiadczonym traderem doskonal\u0105cym swoje strategie, to Twoja zaufana spo\u0142eczno\u015b\u0107, baza wiedzy oraz profesjonalne narz\u0119dzie do handlu. Nasza Misja \u015awiat si\u0119 zmienia i coraz mocniej rz\u0105dz\u0105 nim ci, [&hellip;]<\/p>\n","protected":false},"author":2,"featured_media":0,"parent":0,"menu_order":0,"comment_status":"closed","ping_status":"closed","template":"page-about.php","meta":{"footnotes":""},"class_list":["post-818","page","type-page","status-publish","hentry"],"yoast_head":"<!-- This site is optimized with the Yoast SEO plugin v27.4 - https:\/\/yoast.com\/product\/yoast-seo-wordpress\/ -->\n<title>Trutera Trade \u2122 | Offici\u00eble website 2026 | Claim nu!<\/title>\n<meta name=\"robots\" content=\"index, follow, max-snippet:-1, max-image-preview:large, max-video-preview:-1\" \/>\n<meta property=\"og:locale\" content=\"pl_PL\" \/>\n<meta property=\"og:site_name\" content=\"Trutera Trade\" \/>\n<meta property=\"article:modified_time\" content=\"2026-04-19T23:13:31+00:00\" \/>\n<meta name=\"twitter:card\" content=\"summary_large_image\" \/>\n<meta name=\"twitter:label1\" content=\"Szacowany czas czytania\" \/>\n\t<meta name=\"twitter:data1\" content=\"4 minuty\" \/>\n<!-- \/ Yoast SEO plugin. -->","yoast_head_json":{"title":"Trutera Trade \u2122 | Offici\u00eble website 2026 | Claim nu!","robots":{"index":"index","follow":"follow","max-snippet":"max-snippet:-1","max-image-preview":"max-image-preview:large","max-video-preview":"max-video-preview:-1"},"og_locale":"pl_PL","og_site_name":"Trutera Trade","article_modified_time":"2026-04-19T23:13:31+00:00","twitter_card":"summary_large_image","twitter_misc":{"Szacowany czas czytania":"4 minuty"},"schema":{"@context":"https:\/\/schema.org","@graph":[{"@type":"WebPage","@id":"https:\/\/truteratrade.com\/about-us\/","url":"https:\/\/truteratrade.com\/about-us\/","name":"O nas - Trutera Trade","isPartOf":{"@id":"https:\/\/truteratrade.com\/#website"},"datePublished":"2023-06-21T11:29:38+00:00","dateModified":"2026-04-19T23:13:31+00:00","breadcrumb":{"@id":"https:\/\/truteratrade.com\/about-us\/#breadcrumb"},"inLanguage":"pl-PL","potentialAction":[{"@type":"ReadAction","target":["https:\/\/truteratrade.com\/about-us\/"]}]},{"@type":"BreadcrumbList","@id":"https:\/\/truteratrade.com\/about-us\/#breadcrumb","itemListElement":[{"@type":"ListItem","position":1,"name":"Home","item":"https:\/\/truteratrade.com\/"},{"@type":"ListItem","position":2,"name":"O nas"}]},{"@type":"WebSite","@id":"https:\/\/truteratrade.com\/#website","url":"https:\/\/truteratrade.com\/","name":"Easy Edge Index","description":"Master Trading, Maximize Earnings [2025]","potentialAction":[{"@type":"SearchAction","target":{"@type":"EntryPoint","urlTemplate":"https:\/\/truteratrade.com\/?s={search_term_string}"},"query-input":{"@type":"PropertyValueSpecification","valueRequired":true,"valueName":"search_term_string"}}],"inLanguage":"pl-PL"}]}},"_links":{"self":[{"href":"https:\/\/truteratrade.com\/pl\/wp-json\/wp\/v2\/pages\/818","targetHints":{"allow":["GET"]}}],"collection":[{"href":"https:\/\/truteratrade.com\/pl\/wp-json\/wp\/v2\/pages"}],"about":[{"href":"https:\/\/truteratrade.com\/pl\/wp-json\/wp\/v2\/types\/page"}],"author":[{"embeddable":true,"href":"https:\/\/truteratrade.com\/pl\/wp-json\/wp\/v2\/users\/2"}],"replies":[{"embeddable":true,"href":"https:\/\/truteratrade.com\/pl\/wp-json\/wp\/v2\/comments?post=818"}],"version-history":[{"count":1,"href":"https:\/\/truteratrade.com\/pl\/wp-json\/wp\/v2\/pages\/818\/revisions"}],"predecessor-version":[{"id":830,"href":"https:\/\/truteratrade.com\/pl\/wp-json\/wp\/v2\/pages\/818\/revisions\/830"}],"wp:attachment":[{"href":"https:\/\/truteratrade.com\/pl\/wp-json\/wp\/v2\/media?parent=818"}],"curies":[{"name":"wp","href":"https:\/\/api.w.org\/{rel}","templated":true}]}}