{"id":897,"date":"2023-06-21T11:29:38","date_gmt":"2023-06-21T11:29:38","guid":{"rendered":"https:\/\/truteratrade.com\/contact-us\/"},"modified":"2026-05-04T23:22:54","modified_gmt":"2026-05-04T23:22:54","slug":"contact-us","status":"publish","type":"page","link":"https:\/\/truteratrade.com\/pl\/contact-us\/","title":{"rendered":""},"content":{"rendered":"<h1>Kontakt z Trutera Trade<\/h1>\n<p>Potrzebujesz pomocy lub masz pytania? Nasz zesp\u00f3\u0142 jest gotowy, aby Ci pom\u00f3c. Oto jak mo\u017cesz si\u0119 z nami skontaktowa\u0107:<br \/>\nInformacje kontaktowe<br \/>\nZapytania biznesowe:<br \/>\nW sprawie partnerstw, pyta\u0144 medialnych lub innych kwestii biznesowych:<br \/>\nbusiness@truteratrade.com<br \/>\nObs\u0142uga klienta:<br \/>\nW przypadku pyta\u0144 og\u00f3lnych lub potrzeby pomocy:<br \/>\nsupport@truteratrade.com<\/p>\n","protected":false},"excerpt":{"rendered":"<p>Kontakt z Trutera Trade Potrzebujesz pomocy lub masz pytania? Nasz zesp\u00f3\u0142 jest gotowy, aby Ci pom\u00f3c. Oto jak mo\u017cesz si\u0119 z nami skontaktowa\u0107: Informacje kontaktowe Zapytania biznesowe: W sprawie partnerstw, pyta\u0144 medialnych lub innych kwestii biznesowych: business@truteratrade.com Obs\u0142uga klienta: W przypadku pyta\u0144 og\u00f3lnych lub potrzeby pomocy: support@truteratrade.com<\/p>\n","protected":false},"author":2,"featured_media":0,"parent":0,"menu_order":0,"comment_status":"closed","ping_status":"closed","template":"page-contact.php","meta":{"footnotes":""},"class_list":["post-897","page","type-page","status-publish","hentry"],"yoast_head":"<!-- This site is optimized with the Yoast SEO plugin v27.4 - https:\/\/yoast.com\/product\/yoast-seo-wordpress\/ -->\n<title>Trutera Trade \u2122 | Offici\u00eble website 2026 | Claim nu!<\/title>\n<meta name=\"robots\" content=\"index, follow, max-snippet:-1, max-image-preview:large, max-video-preview:-1\" \/>\n<meta property=\"og:locale\" content=\"pl_PL\" \/>\n<meta property=\"og:site_name\" content=\"Trutera Trade\" \/>\n<meta property=\"article:modified_time\" content=\"2026-05-04T23:22:54+00:00\" \/>\n<meta name=\"twitter:card\" content=\"summary_large_image\" \/>\n<meta name=\"twitter:label1\" content=\"Szacowany czas czytania\" \/>\n\t<meta name=\"twitter:data1\" content=\"1 minuta\" \/>\n<!-- \/ Yoast SEO plugin. -->","yoast_head_json":{"title":"Trutera Trade \u2122 | Offici\u00eble website 2026 | Claim nu!","robots":{"index":"index","follow":"follow","max-snippet":"max-snippet:-1","max-image-preview":"max-image-preview:large","max-video-preview":"max-video-preview:-1"},"og_locale":"pl_PL","og_site_name":"Trutera Trade","article_modified_time":"2026-05-04T23:22:54+00:00","twitter_card":"summary_large_image","twitter_misc":{"Szacowany czas czytania":"1 minuta"},"schema":{"@context":"https:\/\/schema.org","@graph":[{"@type":"WebPage","@id":"https:\/\/truteratrade.com\/pl\/contact-us\/","url":"https:\/\/truteratrade.com\/pl\/contact-us\/","name":"- Trutera Trade","isPartOf":{"@id":"https:\/\/truteratrade.com\/#website"},"datePublished":"2023-06-21T11:29:38+00:00","dateModified":"2026-05-04T23:22:54+00:00","inLanguage":"pl-PL","potentialAction":[{"@type":"ReadAction","target":["https:\/\/truteratrade.com\/pl\/contact-us\/"]}]},{"@type":"WebSite","@id":"https:\/\/truteratrade.com\/#website","url":"https:\/\/truteratrade.com\/","name":"Easy Edge Index","description":"Master Trading, Maximize Earnings [2025]","potentialAction":[{"@type":"SearchAction","target":{"@type":"EntryPoint","urlTemplate":"https:\/\/truteratrade.com\/?s={search_term_string}"},"query-input":{"@type":"PropertyValueSpecification","valueRequired":true,"valueName":"search_term_string"}}],"inLanguage":"pl-PL"}]}},"_links":{"self":[{"href":"https:\/\/truteratrade.com\/pl\/wp-json\/wp\/v2\/pages\/897","targetHints":{"allow":["GET"]}}],"collection":[{"href":"https:\/\/truteratrade.com\/pl\/wp-json\/wp\/v2\/pages"}],"about":[{"href":"https:\/\/truteratrade.com\/pl\/wp-json\/wp\/v2\/types\/page"}],"author":[{"embeddable":true,"href":"https:\/\/truteratrade.com\/pl\/wp-json\/wp\/v2\/users\/2"}],"replies":[{"embeddable":true,"href":"https:\/\/truteratrade.com\/pl\/wp-json\/wp\/v2\/comments?post=897"}],"version-history":[{"count":4,"href":"https:\/\/truteratrade.com\/pl\/wp-json\/wp\/v2\/pages\/897\/revisions"}],"predecessor-version":[{"id":943,"href":"https:\/\/truteratrade.com\/pl\/wp-json\/wp\/v2\/pages\/897\/revisions\/943"}],"wp:attachment":[{"href":"https:\/\/truteratrade.com\/pl\/wp-json\/wp\/v2\/media?parent=897"}],"curies":[{"name":"wp","href":"https:\/\/api.w.org\/{rel}","templated":true}]}}