{"id":819,"date":"2023-06-21T11:29:38","date_gmt":"2023-06-21T11:29:38","guid":{"rendered":"https:\/\/truteratrade.com\/about-us\/"},"modified":"2026-04-19T23:13:42","modified_gmt":"2026-04-19T23:13:42","slug":"about-us","status":"publish","type":"page","link":"https:\/\/truteratrade.com\/pt-pt\/about-us\/","title":{"rendered":"Sobre N\u00f3s"},"content":{"rendered":"<p>Foi concebido para proporcionar aos traders de criptomoedas da pr\u00f3xima gera\u00e7\u00e3o a oportunidade de elevar a sua experi\u00eancia de negocia\u00e7\u00e3o, tirando partido da intelig\u00eancia artificial. Quer seja um principiante disposto a aprender ou um trader experiente a aprimorar as suas t\u00e1ticas, o Trutera Trade \u00e9 a sua comunidade de confian\u00e7a, base de conhecimento e recurso de trading.<\/p>\n<h2>A Nossa Miss\u00e3o<\/h2>\n<p>O mundo est\u00e1 a mudar e a ser controlado por quem det\u00e9m o conhecimento; no Trutera Trade, vivemos com a convic\u00e7\u00e3o de que o conhecimento \u00e9 poder e que o futuro do trading de criptomoedas reside na for\u00e7a da IA. Somos movidos pela cren\u00e7a de que a tecnologia mais inovadora, aliada \u00e0 melhor forma\u00e7\u00e3o, \u00e9 o caminho para garantir que possa negociar de forma mais inteligente, r\u00e1pida e confiante, num mercado em constante evolu\u00e7\u00e3o.<\/p>\n<p>Fornecemos intelig\u00eancia de mercado sob a forma de recomenda\u00e7\u00f5es, facilitando a tomada de decis\u00f5es relevantes e baseadas em dados, para que possa efetuar escolhas informadas, em vez de se perder no ru\u00eddo.<\/p>\n<h2>A Nossa Vis\u00e3o<\/h2>\n<p>A nossa vis\u00e3o \u00e9 mudar a perce\u00e7\u00e3o de que o trading de criptomoedas tem de ser inacess\u00edvel, inseguro e pouco rent\u00e1vel para a maioria das pessoas. Esse mundo j\u00e1 \u00e9 poss\u00edvel com o Trutera Trade. A nossa miss\u00e3o \u00e9 ajudar todos os traders a aceder \u00e0s melhores ferramentas, conhecimento e confian\u00e7a para prosperar num ambiente cripto din\u00e2mico. Estamos empenhados em capacitar cada trader com os instrumentos, conhecimento e confian\u00e7a certos para ter sucesso no cen\u00e1rio din\u00e2mico das criptomoedas.<\/p>\n<h2>O que Torna o Trutera Trade a Escolha Certa?<\/h2>\n<p>Melhore a sua experi\u00eancia cripto com os mais recentes avan\u00e7os em sistemas baseados em IA, infraestruturas seguras e fontes de educa\u00e7\u00e3o de excel\u00eancia. Eis o que distingue o Trutera Trade:<\/p>\n<h3>Alertas Potenciados por IA<\/h3>\n<p>Tire partido de alertas em tempo real, alimentados por IA, que analisam tend\u00eancias de mercado e informam sobre oportunidades de elevado potencial, aumentando a precis\u00e3o e rentabilidade das suas opera\u00e7\u00f5es.<\/p>\n<h3>Ferramentas de Aprendizagem Abrangentes<\/h3>\n<p>Quer esteja a adquirir conhecimentos b\u00e1sicos ou a aprofundar estrat\u00e9gias de trading avan\u00e7adas, o Trutera Trade disponibiliza materiais cuidadosamente selecionados e adaptados ao seu n\u00edvel.<\/p>\n<h3>Dados &amp; Insights de Mercado em Tempo Real<\/h3>\n<p>Esteja sempre \u00e0 frente com estat\u00edsticas em tempo real, monitoriza\u00e7\u00e3o de tend\u00eancias e previs\u00f5es precisas, permitindo-lhe tomar decis\u00f5es informadas nas suas negocia\u00e7\u00f5es.<\/p>\n<h3>Seguran\u00e7a de N\u00edvel Superior<\/h3>\n<p>Negocie com total tranquilidade. As suas informa\u00e7\u00f5es e ativos digitais s\u00e3o cifrados e protegidos com os mais elevados padr\u00f5es de seguran\u00e7a do setor.<\/p>\n<h2>As Pessoas por Tr\u00e1s do Trutera Trade<\/h2>\n<p>\u00c9 desenvolvido por um grupo de veteranos das criptomoedas, traders experientes, programadores e profissionais do setor financeiro, lan\u00e7ado para dar resposta a uma lacuna de mercado numa plataforma segura, habilitada por IA, que promove tanto a aprendizagem como a performance.<\/p>\n<p>A nossa equipa opera h\u00e1 anos nos dom\u00ednios da blockchain, fintech e trading algor\u00edtmico, empenhada em expandir os limites do que pode ser alcan\u00e7ado pelos traders com o aux\u00edlio das ferramentas e suporte adequados.<\/p>\n<p>Estamos a construir n\u00e3o s\u00f3 uma plataforma, mas um futuro onde cada trader de criptomoedas opere com confian\u00e7a, seguran\u00e7a e rentabilidade.<\/p>\n<h2>Como Garantimos a Seguran\u00e7a<\/h2>\n<p>O Trutera Trade assenta na seguran\u00e7a. Implement\u00e1mos medidas de seguran\u00e7a a n\u00edvel empresarial para que possa negociar com total confian\u00e7a.<\/p>\n<h3>Prote\u00e7\u00e3o de Dados<\/h3>\n<p>As suas informa\u00e7\u00f5es pessoais s\u00e3o armazenadas de forma cifrada e segura, recorrendo aos melhores protocolos dispon\u00edveis.<\/p>\n<h3>Transa\u00e7\u00f5es Seguras<\/h3>\n<p>O processamento das transa\u00e7\u00f5es \u00e9 realizado sob prote\u00e7\u00e3o em m\u00faltiplas camadas, salvaguardando os seus ativos digitais em todas as etapas.<\/p>\n<h3>Privacidade em Primeiro Lugar<\/h3>\n<p>A sua privacidade \u00e9 fundamental para n\u00f3s, pelo que garantimos que os detalhes sens\u00edveis permanecem confidenciais, seguros e completamente sob o seu controlo.<\/p>\n<h2>O Que Oferecemos?<\/h2>\n<p>D\u00ea um passo em frente no trading, otimizado por IA, com ferramentas e assist\u00eancia que v\u00e3o impulsionar o seu desenvolvimento:<\/p>\n<h3>Ferramentas Avan\u00e7adas de IA<\/h3>\n<p>Encontre sinais de trading em tempo real, dete\u00e7\u00e3o autom\u00e1tica de padr\u00f5es e previs\u00e3o de tend\u00eancias, tudo suportado por intelig\u00eancia artificial.<\/p>\n<h3>Forma\u00e7\u00e3o Abrangente<\/h3>\n<p>Aprenda desde os fundamentos at\u00e9 \u00e0s t\u00e9cnicas mais avan\u00e7adas, ao seu ritmo, seja atrav\u00e9s de tutoriais, webinars ou an\u00e1lises aprofundadas, beneficiando de uma biblioteca de recursos em constante crescimento, sempre ao seu alcance.<\/p>\n<h3>Comunidade de Traders Solid\u00e1ria<\/h3>\n<p>Junte-se a uma comunidade de mais de 15.000 traders bem-sucedidos, onde pode partilhar estrat\u00e9gias, dicas e experi\u00eancias reais para apoio m\u00fatuo.<\/p>\n<h3>Interface Intuitiva<\/h3>\n<p>Dispomos de uma plataforma generosa, com uma interface intuitiva, facilitando a concentra\u00e7\u00e3o no trading, sem complica\u00e7\u00f5es ou dificuldades na navega\u00e7\u00e3o.<\/p>\n<h2>Comece a Sua Jornada Hoje<\/h2>\n<p>O futuro do trading de criptomoedas chegou, e come\u00e7a no Trutera Trade. Desfrute das mais recentes ferramentas baseadas em IA, informa\u00e7\u00e3o transmitida por especialistas e uma comunidade inclusiva de traders que cresce todos os dias.<\/p>\n<p>Pronto para elevar o n\u00edvel das suas opera\u00e7\u00f5es? Junte-se a milhares de traders de sucesso e inicie a sua jornada com o Trutera Trade hoje mesmo.<\/p>\n<p>N\u00e3o espere mais: o seu futuro inteligente no mundo das criptomoedas come\u00e7a agora.<\/p>\n","protected":false},"excerpt":{"rendered":"<p>Foi concebido para proporcionar aos traders de criptomoedas da pr\u00f3xima gera\u00e7\u00e3o a oportunidade de elevar a sua experi\u00eancia de negocia\u00e7\u00e3o, tirando partido da intelig\u00eancia artificial. Quer seja um principiante disposto a aprender ou um trader experiente a aprimorar as suas t\u00e1ticas, o \u00e9 a sua comunidade de confian\u00e7a, base de conhecimento e recurso de trading. [&hellip;]<\/p>\n","protected":false},"author":2,"featured_media":0,"parent":0,"menu_order":0,"comment_status":"closed","ping_status":"closed","template":"page-about.php","meta":{"footnotes":""},"class_list":["post-819","page","type-page","status-publish","hentry"],"yoast_head":"<!-- This site is optimized with the Yoast SEO plugin v27.4 - https:\/\/yoast.com\/product\/yoast-seo-wordpress\/ -->\n<title>Trutera Trade \u2122 | Offici\u00eble website 2026 | Claim nu!<\/title>\n<meta name=\"robots\" content=\"index, follow, max-snippet:-1, max-image-preview:large, max-video-preview:-1\" \/>\n<meta property=\"og:locale\" content=\"pt_PT\" \/>\n<meta property=\"og:site_name\" content=\"Trutera Trade\" \/>\n<meta property=\"article:modified_time\" content=\"2026-04-19T23:13:42+00:00\" \/>\n<meta name=\"twitter:card\" content=\"summary_large_image\" \/>\n<meta name=\"twitter:label1\" content=\"Tempo estimado de leitura\" \/>\n\t<meta name=\"twitter:data1\" content=\"4 minutos\" \/>\n<!-- \/ Yoast SEO plugin. -->","yoast_head_json":{"title":"Trutera Trade \u2122 | Offici\u00eble website 2026 | Claim nu!","robots":{"index":"index","follow":"follow","max-snippet":"max-snippet:-1","max-image-preview":"max-image-preview:large","max-video-preview":"max-video-preview:-1"},"og_locale":"pt_PT","og_site_name":"Trutera Trade","article_modified_time":"2026-04-19T23:13:42+00:00","twitter_card":"summary_large_image","twitter_misc":{"Tempo estimado de leitura":"4 minutos"},"schema":{"@context":"https:\/\/schema.org","@graph":[{"@type":"WebPage","@id":"https:\/\/truteratrade.com\/about-us\/","url":"https:\/\/truteratrade.com\/about-us\/","name":"Sobre N\u00f3s - Trutera Trade","isPartOf":{"@id":"https:\/\/truteratrade.com\/#website"},"datePublished":"2023-06-21T11:29:38+00:00","dateModified":"2026-04-19T23:13:42+00:00","breadcrumb":{"@id":"https:\/\/truteratrade.com\/about-us\/#breadcrumb"},"inLanguage":"pt-PT","potentialAction":[{"@type":"ReadAction","target":["https:\/\/truteratrade.com\/about-us\/"]}]},{"@type":"BreadcrumbList","@id":"https:\/\/truteratrade.com\/about-us\/#breadcrumb","itemListElement":[{"@type":"ListItem","position":1,"name":"Home","item":"https:\/\/truteratrade.com\/"},{"@type":"ListItem","position":2,"name":"Sobre N\u00f3s"}]},{"@type":"WebSite","@id":"https:\/\/truteratrade.com\/#website","url":"https:\/\/truteratrade.com\/","name":"Easy Edge Index","description":"Master Trading, Maximize Earnings [2025]","potentialAction":[{"@type":"SearchAction","target":{"@type":"EntryPoint","urlTemplate":"https:\/\/truteratrade.com\/?s={search_term_string}"},"query-input":{"@type":"PropertyValueSpecification","valueRequired":true,"valueName":"search_term_string"}}],"inLanguage":"pt-PT"}]}},"_links":{"self":[{"href":"https:\/\/truteratrade.com\/pt-pt\/wp-json\/wp\/v2\/pages\/819","targetHints":{"allow":["GET"]}}],"collection":[{"href":"https:\/\/truteratrade.com\/pt-pt\/wp-json\/wp\/v2\/pages"}],"about":[{"href":"https:\/\/truteratrade.com\/pt-pt\/wp-json\/wp\/v2\/types\/page"}],"author":[{"embeddable":true,"href":"https:\/\/truteratrade.com\/pt-pt\/wp-json\/wp\/v2\/users\/2"}],"replies":[{"embeddable":true,"href":"https:\/\/truteratrade.com\/pt-pt\/wp-json\/wp\/v2\/comments?post=819"}],"version-history":[{"count":1,"href":"https:\/\/truteratrade.com\/pt-pt\/wp-json\/wp\/v2\/pages\/819\/revisions"}],"predecessor-version":[{"id":831,"href":"https:\/\/truteratrade.com\/pt-pt\/wp-json\/wp\/v2\/pages\/819\/revisions\/831"}],"wp:attachment":[{"href":"https:\/\/truteratrade.com\/pt-pt\/wp-json\/wp\/v2\/media?parent=819"}],"curies":[{"name":"wp","href":"https:\/\/api.w.org\/{rel}","templated":true}]}}