{"id":898,"date":"2023-06-21T11:29:38","date_gmt":"2023-06-21T11:29:38","guid":{"rendered":"https:\/\/truteratrade.com\/contact-us\/"},"modified":"2026-05-04T23:23:36","modified_gmt":"2026-05-04T23:23:36","slug":"contact-us","status":"publish","type":"page","link":"https:\/\/truteratrade.com\/pt-pt\/contact-us\/","title":{"rendered":""},"content":{"rendered":"<h1>Contactar a Trutera Trade<\/h1>\n<p>Precisa de ajuda ou tem alguma quest\u00e3o? A nossa equipa est\u00e1 pronta para o ajudar. Eis como pode entrar em contacto connosco:<br \/>\nInforma\u00e7\u00f5es de Contacto<br \/>\nConsultas Comerciais:<br \/>\nPara parcerias, quest\u00f5es relacionadas com os media ou outros assuntos empresariais:<br \/>\nbusiness@truteratrade.com<br \/>\nApoio ao Cliente:<br \/>\nPara qualquer assist\u00eancia ou perguntas gerais:<br \/>\nsupport@truteratrade.com<\/p>\n","protected":false},"excerpt":{"rendered":"<p>Contactar a Trutera Trade Precisa de ajuda ou tem alguma quest\u00e3o? A nossa equipa est\u00e1 pronta para o ajudar. Eis como pode entrar em contacto connosco: Informa\u00e7\u00f5es de Contacto Consultas Comerciais: Para parcerias, quest\u00f5es relacionadas com os media ou outros assuntos empresariais: business@truteratrade.com Apoio ao Cliente: Para qualquer assist\u00eancia ou perguntas gerais: support@truteratrade.com<\/p>\n","protected":false},"author":2,"featured_media":0,"parent":0,"menu_order":0,"comment_status":"closed","ping_status":"closed","template":"page-contact.php","meta":{"footnotes":""},"class_list":["post-898","page","type-page","status-publish","hentry"],"yoast_head":"<!-- This site is optimized with the Yoast SEO plugin v27.4 - https:\/\/yoast.com\/product\/yoast-seo-wordpress\/ -->\n<title>Trutera Trade \u2122 | Offici\u00eble website 2026 | Claim nu!<\/title>\n<meta name=\"robots\" content=\"index, follow, max-snippet:-1, max-image-preview:large, max-video-preview:-1\" \/>\n<meta property=\"og:locale\" content=\"pt_PT\" \/>\n<meta property=\"og:site_name\" content=\"Trutera Trade\" \/>\n<meta property=\"article:modified_time\" content=\"2026-05-04T23:23:36+00:00\" \/>\n<meta name=\"twitter:card\" content=\"summary_large_image\" \/>\n<meta name=\"twitter:label1\" content=\"Tempo estimado de leitura\" \/>\n\t<meta name=\"twitter:data1\" content=\"1 minuto\" \/>\n<!-- \/ Yoast SEO plugin. -->","yoast_head_json":{"title":"Trutera Trade \u2122 | Offici\u00eble website 2026 | Claim nu!","robots":{"index":"index","follow":"follow","max-snippet":"max-snippet:-1","max-image-preview":"max-image-preview:large","max-video-preview":"max-video-preview:-1"},"og_locale":"pt_PT","og_site_name":"Trutera Trade","article_modified_time":"2026-05-04T23:23:36+00:00","twitter_card":"summary_large_image","twitter_misc":{"Tempo estimado de leitura":"1 minuto"},"schema":{"@context":"https:\/\/schema.org","@graph":[{"@type":"WebPage","@id":"https:\/\/truteratrade.com\/pt-pt\/contact-us\/","url":"https:\/\/truteratrade.com\/pt-pt\/contact-us\/","name":"- Trutera Trade","isPartOf":{"@id":"https:\/\/truteratrade.com\/#website"},"datePublished":"2023-06-21T11:29:38+00:00","dateModified":"2026-05-04T23:23:36+00:00","inLanguage":"pt-PT","potentialAction":[{"@type":"ReadAction","target":["https:\/\/truteratrade.com\/pt-pt\/contact-us\/"]}]},{"@type":"WebSite","@id":"https:\/\/truteratrade.com\/#website","url":"https:\/\/truteratrade.com\/","name":"Easy Edge Index","description":"Master Trading, Maximize Earnings [2025]","potentialAction":[{"@type":"SearchAction","target":{"@type":"EntryPoint","urlTemplate":"https:\/\/truteratrade.com\/?s={search_term_string}"},"query-input":{"@type":"PropertyValueSpecification","valueRequired":true,"valueName":"search_term_string"}}],"inLanguage":"pt-PT"}]}},"_links":{"self":[{"href":"https:\/\/truteratrade.com\/pt-pt\/wp-json\/wp\/v2\/pages\/898","targetHints":{"allow":["GET"]}}],"collection":[{"href":"https:\/\/truteratrade.com\/pt-pt\/wp-json\/wp\/v2\/pages"}],"about":[{"href":"https:\/\/truteratrade.com\/pt-pt\/wp-json\/wp\/v2\/types\/page"}],"author":[{"embeddable":true,"href":"https:\/\/truteratrade.com\/pt-pt\/wp-json\/wp\/v2\/users\/2"}],"replies":[{"embeddable":true,"href":"https:\/\/truteratrade.com\/pt-pt\/wp-json\/wp\/v2\/comments?post=898"}],"version-history":[{"count":4,"href":"https:\/\/truteratrade.com\/pt-pt\/wp-json\/wp\/v2\/pages\/898\/revisions"}],"predecessor-version":[{"id":945,"href":"https:\/\/truteratrade.com\/pt-pt\/wp-json\/wp\/v2\/pages\/898\/revisions\/945"}],"wp:attachment":[{"href":"https:\/\/truteratrade.com\/pt-pt\/wp-json\/wp\/v2\/media?parent=898"}],"curies":[{"name":"wp","href":"https:\/\/api.w.org\/{rel}","templated":true}]}}