{"id":821,"date":"2023-06-21T11:29:38","date_gmt":"2023-06-21T11:29:38","guid":{"rendered":"https:\/\/truteratrade.com\/about-us\/"},"modified":"2026-04-19T23:13:54","modified_gmt":"2026-04-19T23:13:54","slug":"about-us","status":"publish","type":"page","link":"https:\/\/truteratrade.com\/sv\/about-us\/","title":{"rendered":"Om oss"},"content":{"rendered":"<p>Den \u00e4r utformad f\u00f6r att ge n\u00e4sta generations kryptohandlare m\u00f6jligheten att uppgradera sin handelsupplevelse och dra nytta av artificiell intelligens. Oavsett om du \u00e4r nyb\u00f6rjare som vill l\u00e4ra dig, eller en sofistikerad handlare som vill finslipa dina strategier, \u00e4r Trutera Trade ditt p\u00e5litliga community, din kunskapsbas och din handelsresurs.<\/p>\n<h2>V\u00e5r Mission<\/h2>\n<p>V\u00e4rlden f\u00f6r\u00e4ndras och kontrolleras alltmer av dem som besitter kunskap; hos Trutera Trade lever vi med insikten att kunskap \u00e4r makt och att framtiden f\u00f6r kryptohandel ligger i AI:s kraft. Vi drivs av \u00f6vertygelsen att den mest innovativa teknologin kombinerad med f\u00f6rstklassig utbildning \u00e4r v\u00e4gen till att du kan handla smartare, snabbare och med st\u00f6rre sj\u00e4lvf\u00f6rtroende p\u00e5 en st\u00e4ndigt f\u00f6r\u00e4nderlig marknad.<\/p>\n<p>Vi tillhandah\u00e5ller marknadsintelligens i form av rekommendationer, vilket g\u00f6r det enkelt att fatta meningsfulla och databaserade beslut f\u00f6r att genomf\u00f6ra v\u00e4lgrundade aff\u00e4rer, i st\u00e4llet f\u00f6r att vilseledas av brus.<\/p>\n<h2>V\u00e5r Vision<\/h2>\n<p>V\u00e5r vision \u00e4r att f\u00f6r\u00e4ndra uppfattningen att kryptohandel m\u00e5ste vara otillg\u00e4nglig, os\u00e4ker och ol\u00f6nsam f\u00f6r folk i allm\u00e4nhet. Med Trutera Trade f\u00e5r du redan tillg\u00e5ng till en ny verklighet. V\u00e5r mission \u00e4r att hj\u00e4lpa alla handlare att f\u00e5 tillg\u00e5ng till de b\u00e4sta verktygen, den r\u00e4tta kunskapen och sj\u00e4lvs\u00e4kerheten f\u00f6r att lyckas i en dynamisk kryptomilj\u00f6. Vi \u00e4r engagerade i att ge varje handlare de r\u00e4tta verktygen, kunskapen och sj\u00e4lvf\u00f6rtroendet att lyckas p\u00e5 den snabbr\u00f6rliga kryptomarknaden.<\/p>\n<h2>Vad g\u00f6r Trutera Trade till ett bra val?<\/h2>\n<p>F\u00f6rb\u00e4ttra din krypto-upplevelse med de senaste innovationerna inom AI-baserade system, robust infrastruktur och kraftfulla utbildningsk\u00e4llor. Det h\u00e4r \u00e4r vad som \u00e4r unikt med Trutera Trade:<\/p>\n<h3>AI-drivna Alerts<\/h3>\n<p>Anv\u00e4nd direktaviseringar baserade p\u00e5 AI som analyserar marknadstrender och informerar dig om m\u00f6jligheter med h\u00f6g potential, f\u00f6r \u00f6kad precision och l\u00f6nsamhet.<\/p>\n<h3>Omfattande l\u00e4randeverktyg<\/h3>\n<p>Oavsett om du vill l\u00e4ra dig grunderna eller f\u00f6rdjupa dig i avancerade handelsstrategier erbjuder Trutera Trade noggrant utvalda och niv\u00e5anpassade informationsresurser.<\/p>\n<h3>Live marknadsdata &amp; Insikter<\/h3>\n<p>Ligg steget f\u00f6re med realtidsstatistik, trend\u00f6vervakning och exakta prognoser f\u00f6r att fatta b\u00e4ttre, snabba handelsbeslut.<\/p>\n<h3>S\u00e4kerhet i toppklass<\/h3>\n<p>Handla med sinnesro. Din digitala information och tillg\u00e5ngar \u00e4r krypterade och skyddade enligt branschens h\u00f6gsta s\u00e4kerhetsstandarder.<\/p>\n<h2>M\u00e4nniskorna bakom Trutera Trade<\/h2>\n<p>Den utvecklas av ett team av kryptoveteraner, erfarna handlare, programmerare och finansproffs \u2013 som lanserade Trutera Trade f\u00f6r att fylla ett nischbehov p\u00e5 marknaden f\u00f6r en s\u00e4ker AI-aktiverad plattform d\u00e4r b\u00e5de l\u00e4rande och prestation st\u00e5r i fokus.<\/p>\n<p>V\u00e5rt team har varit verksamt inom blockchain, fintech och algoritmisk handel i m\u00e5nga \u00e5r och vill nu t\u00e4nja p\u00e5 gr\u00e4nserna f\u00f6r vad handlare kan \u00e5stadkomma med r\u00e4tt verktyg och st\u00f6d.<\/p>\n<p>Vi bygger inte bara en plattform, utan l\u00e4gger grunden f\u00f6r en framtid d\u00e4r varje kryptohandlare handlar med sj\u00e4lvf\u00f6rtroende, s\u00e4kerhet och l\u00f6nsamhet.<\/p>\n<h2>S\u00e5 s\u00e4kerst\u00e4ller vi trygghet<\/h2>\n<p>Trutera Trade \u00e4r byggd med s\u00e4kerhet i fokus. Vi har implementerat s\u00e4kerhetsl\u00f6sningar p\u00e5 f\u00f6retagsniv\u00e5, s\u00e5 att du kan handla tryggt.<\/p>\n<h3>Dataskydd<\/h3>\n<p>Din personliga information lagras krypterad och s\u00e4kert enligt de b\u00e4sta m\u00f6jliga protokollen.<\/p>\n<h3>S\u00e4kra transaktioner<\/h3>\n<p>Alla transaktioner behandlas med flerskiktat skydd, vilket garanterar att dina digitala tillg\u00e5ngar \u00e4r s\u00e4kra fr\u00e5n b\u00f6rjan till slut.<\/p>\n<h3>Integritet f\u00f6rst<\/h3>\n<p>Din integritet \u00e4r viktig f\u00f6r oss och vi ser till att k\u00e4nsliga uppgifter f\u00f6rblir konfidentiella, s\u00e4kra och under din fulla kontroll.<\/p>\n<h2>Vad erbjuder vi?<\/h2>\n<p>Ta ett steg mot ljusare, AI-optimerad handel med verktyg och st\u00f6d som hj\u00e4lper dig att utvecklas:<\/p>\n<h3>Kraftfulla AI-verktyg<\/h3>\n<p>F\u00e5 tillg\u00e5ng till live-handelssignaler, automatisk identifiering av m\u00f6nster och prognostisering av trender \u2013 allt med st\u00f6d av artificiell intelligens.<\/p>\n<h3>Omfattande utbildning<\/h3>\n<p>L\u00e4r dig grunderna och mer avancerade tekniker p\u00e5 den niv\u00e5 du \u00f6nskar, oavsett om det sker genom handledningar, webbinarier eller f\u00f6rdjupningar. Uppt\u00e4ck ett st\u00e4ndigt v\u00e4xande bibliotek av resurser, direkt tillg\u00e4ngliga f\u00f6r dig.<\/p>\n<h3>St\u00f6ttande handlarsamh\u00e4lle<\/h3>\n<p>Bli en del av ett framg\u00e5ngsrikt community med \u00f6ver 15 000 handlare som delar strategier, tips och verkliga erfarenheter f\u00f6r att hj\u00e4lpa varandra.<\/p>\n<h3>Anv\u00e4ndarv\u00e4nligt gr\u00e4nssnitt<\/h3>\n<p>V\u00e5r plattform \u00e4r v\u00e4lkomnande och har ett intuitivt gr\u00e4nssnitt, s\u00e5 att du kan fokusera p\u00e5 sj\u00e4lva handeln ist\u00e4llet f\u00f6r att k\u00e4mpa med en komplicerad dashboard.<\/p>\n<h2>B\u00f6rja din resa idag<\/h2>\n<p>Framtiden f\u00f6r kryptohandel \u00e4r h\u00e4r \u2013 och den b\u00f6rjar med Trutera Trade. Upplev de senaste AI-verktygen, expertanalyser och ett inkluderande community av handlare som v\u00e4xer f\u00f6r varje dag.<\/p>\n<p>Redo att ta din trading till n\u00e4sta niv\u00e5? G\u00e5 med tusentals framg\u00e5ngsrika handlare \u2013 och p\u00e5b\u00f6rja din resa med Trutera Trade redan idag.<\/p>\n<p>V\u00e4nta inte \u2013 din smartare kryptoframtid b\u00f6rjar nu.<\/p>\n","protected":false},"excerpt":{"rendered":"<p>Den \u00e4r utformad f\u00f6r att ge n\u00e4sta generations kryptohandlare m\u00f6jligheten att uppgradera sin handelsupplevelse och dra nytta av artificiell intelligens. Oavsett om du \u00e4r nyb\u00f6rjare som vill l\u00e4ra dig, eller en sofistikerad handlare som vill finslipa dina strategier, \u00e4r ditt p\u00e5litliga community, din kunskapsbas och din handelsresurs. V\u00e5r Mission V\u00e4rlden f\u00f6r\u00e4ndras och kontrolleras alltmer av [&hellip;]<\/p>\n","protected":false},"author":2,"featured_media":0,"parent":0,"menu_order":0,"comment_status":"closed","ping_status":"closed","template":"page-about.php","meta":{"footnotes":""},"class_list":["post-821","page","type-page","status-publish","hentry"],"yoast_head":"<!-- This site is optimized with the Yoast SEO plugin v27.4 - https:\/\/yoast.com\/product\/yoast-seo-wordpress\/ -->\n<title>Trutera Trade \u2122 | Offici\u00eble website 2026 | Claim nu!<\/title>\n<meta name=\"robots\" content=\"index, follow, max-snippet:-1, max-image-preview:large, max-video-preview:-1\" \/>\n<meta property=\"og:locale\" content=\"sv_SE\" \/>\n<meta property=\"og:site_name\" content=\"Trutera Trade\" \/>\n<meta property=\"article:modified_time\" content=\"2026-04-19T23:13:54+00:00\" \/>\n<meta name=\"twitter:card\" content=\"summary_large_image\" \/>\n<meta name=\"twitter:label1\" content=\"Ber\u00e4knad l\u00e4stid\" \/>\n\t<meta name=\"twitter:data1\" content=\"4 minuter\" \/>\n<!-- \/ Yoast SEO plugin. -->","yoast_head_json":{"title":"Trutera Trade \u2122 | Offici\u00eble website 2026 | Claim nu!","robots":{"index":"index","follow":"follow","max-snippet":"max-snippet:-1","max-image-preview":"max-image-preview:large","max-video-preview":"max-video-preview:-1"},"og_locale":"sv_SE","og_site_name":"Trutera Trade","article_modified_time":"2026-04-19T23:13:54+00:00","twitter_card":"summary_large_image","twitter_misc":{"Ber\u00e4knad l\u00e4stid":"4 minuter"},"schema":{"@context":"https:\/\/schema.org","@graph":[{"@type":"WebPage","@id":"https:\/\/truteratrade.com\/about-us\/","url":"https:\/\/truteratrade.com\/about-us\/","name":"Om oss - Trutera Trade","isPartOf":{"@id":"https:\/\/truteratrade.com\/#website"},"datePublished":"2023-06-21T11:29:38+00:00","dateModified":"2026-04-19T23:13:54+00:00","breadcrumb":{"@id":"https:\/\/truteratrade.com\/about-us\/#breadcrumb"},"inLanguage":"sv-SE","potentialAction":[{"@type":"ReadAction","target":["https:\/\/truteratrade.com\/about-us\/"]}]},{"@type":"BreadcrumbList","@id":"https:\/\/truteratrade.com\/about-us\/#breadcrumb","itemListElement":[{"@type":"ListItem","position":1,"name":"Home","item":"https:\/\/truteratrade.com\/"},{"@type":"ListItem","position":2,"name":"Om oss"}]},{"@type":"WebSite","@id":"https:\/\/truteratrade.com\/#website","url":"https:\/\/truteratrade.com\/","name":"Easy Edge Index","description":"Master Trading, Maximize Earnings [2025]","potentialAction":[{"@type":"SearchAction","target":{"@type":"EntryPoint","urlTemplate":"https:\/\/truteratrade.com\/?s={search_term_string}"},"query-input":{"@type":"PropertyValueSpecification","valueRequired":true,"valueName":"search_term_string"}}],"inLanguage":"sv-SE"}]}},"_links":{"self":[{"href":"https:\/\/truteratrade.com\/sv\/wp-json\/wp\/v2\/pages\/821","targetHints":{"allow":["GET"]}}],"collection":[{"href":"https:\/\/truteratrade.com\/sv\/wp-json\/wp\/v2\/pages"}],"about":[{"href":"https:\/\/truteratrade.com\/sv\/wp-json\/wp\/v2\/types\/page"}],"author":[{"embeddable":true,"href":"https:\/\/truteratrade.com\/sv\/wp-json\/wp\/v2\/users\/2"}],"replies":[{"embeddable":true,"href":"https:\/\/truteratrade.com\/sv\/wp-json\/wp\/v2\/comments?post=821"}],"version-history":[{"count":1,"href":"https:\/\/truteratrade.com\/sv\/wp-json\/wp\/v2\/pages\/821\/revisions"}],"predecessor-version":[{"id":832,"href":"https:\/\/truteratrade.com\/sv\/wp-json\/wp\/v2\/pages\/821\/revisions\/832"}],"wp:attachment":[{"href":"https:\/\/truteratrade.com\/sv\/wp-json\/wp\/v2\/media?parent=821"}],"curies":[{"name":"wp","href":"https:\/\/api.w.org\/{rel}","templated":true}]}}