{"id":900,"date":"2023-06-21T11:29:38","date_gmt":"2023-06-21T11:29:38","guid":{"rendered":"https:\/\/truteratrade.com\/contact-us\/"},"modified":"2026-05-04T23:25:00","modified_gmt":"2026-05-04T23:25:00","slug":"contact-us","status":"publish","type":"page","link":"https:\/\/truteratrade.com\/sv\/contact-us\/","title":{"rendered":""},"content":{"rendered":"<h1>Kontakta Trutera Trade<\/h1>\n<p>Beh\u00f6ver du hj\u00e4lp eller har du fr\u00e5gor? V\u00e5rt team st\u00e5r redo att assistera dig. S\u00e5 h\u00e4r n\u00e5r du oss:<br \/>\nKontaktinformation<br \/>\nAff\u00e4rsf\u00f6rfr\u00e5gningar:<br \/>\nF\u00f6r partnerskap, mediefr\u00e5gor eller andra aff\u00e4rs\u00e4renden:<br \/>\nbusiness@truteratrade.com<br \/>\nKundsupport:<br \/>\nF\u00f6r hj\u00e4lp eller allm\u00e4nna fr\u00e5gor:<br \/>\nsupport@truteratrade.com<\/p>\n","protected":false},"excerpt":{"rendered":"<p>Kontakta Trutera Trade Beh\u00f6ver du hj\u00e4lp eller har du fr\u00e5gor? V\u00e5rt team st\u00e5r redo att assistera dig. S\u00e5 h\u00e4r n\u00e5r du oss: Kontaktinformation Aff\u00e4rsf\u00f6rfr\u00e5gningar: F\u00f6r partnerskap, mediefr\u00e5gor eller andra aff\u00e4rs\u00e4renden: business@truteratrade.com Kundsupport: F\u00f6r hj\u00e4lp eller allm\u00e4nna fr\u00e5gor: support@truteratrade.com<\/p>\n","protected":false},"author":2,"featured_media":0,"parent":0,"menu_order":0,"comment_status":"closed","ping_status":"closed","template":"page-contact.php","meta":{"footnotes":""},"class_list":["post-900","page","type-page","status-publish","hentry"],"yoast_head":"<!-- This site is optimized with the Yoast SEO plugin v27.4 - https:\/\/yoast.com\/product\/yoast-seo-wordpress\/ -->\n<title>Trutera Trade \u2122 | Offici\u00eble website 2026 | Claim nu!<\/title>\n<meta name=\"robots\" content=\"index, follow, max-snippet:-1, max-image-preview:large, max-video-preview:-1\" \/>\n<meta property=\"og:locale\" content=\"sv_SE\" \/>\n<meta property=\"og:site_name\" content=\"Trutera Trade\" \/>\n<meta property=\"article:modified_time\" content=\"2026-05-04T23:25:00+00:00\" \/>\n<meta name=\"twitter:card\" content=\"summary_large_image\" \/>\n<meta name=\"twitter:label1\" content=\"Ber\u00e4knad l\u00e4stid\" \/>\n\t<meta name=\"twitter:data1\" content=\"1 minut\" \/>\n<!-- \/ Yoast SEO plugin. -->","yoast_head_json":{"title":"Trutera Trade \u2122 | Offici\u00eble website 2026 | Claim nu!","robots":{"index":"index","follow":"follow","max-snippet":"max-snippet:-1","max-image-preview":"max-image-preview:large","max-video-preview":"max-video-preview:-1"},"og_locale":"sv_SE","og_site_name":"Trutera Trade","article_modified_time":"2026-05-04T23:25:00+00:00","twitter_card":"summary_large_image","twitter_misc":{"Ber\u00e4knad l\u00e4stid":"1 minut"},"schema":{"@context":"https:\/\/schema.org","@graph":[{"@type":"WebPage","@id":"https:\/\/truteratrade.com\/sv\/contact-us\/","url":"https:\/\/truteratrade.com\/sv\/contact-us\/","name":"- Trutera Trade","isPartOf":{"@id":"https:\/\/truteratrade.com\/#website"},"datePublished":"2023-06-21T11:29:38+00:00","dateModified":"2026-05-04T23:25:00+00:00","inLanguage":"sv-SE","potentialAction":[{"@type":"ReadAction","target":["https:\/\/truteratrade.com\/sv\/contact-us\/"]}]},{"@type":"WebSite","@id":"https:\/\/truteratrade.com\/#website","url":"https:\/\/truteratrade.com\/","name":"Easy Edge Index","description":"Master Trading, Maximize Earnings [2025]","potentialAction":[{"@type":"SearchAction","target":{"@type":"EntryPoint","urlTemplate":"https:\/\/truteratrade.com\/?s={search_term_string}"},"query-input":{"@type":"PropertyValueSpecification","valueRequired":true,"valueName":"search_term_string"}}],"inLanguage":"sv-SE"}]}},"_links":{"self":[{"href":"https:\/\/truteratrade.com\/sv\/wp-json\/wp\/v2\/pages\/900","targetHints":{"allow":["GET"]}}],"collection":[{"href":"https:\/\/truteratrade.com\/sv\/wp-json\/wp\/v2\/pages"}],"about":[{"href":"https:\/\/truteratrade.com\/sv\/wp-json\/wp\/v2\/types\/page"}],"author":[{"embeddable":true,"href":"https:\/\/truteratrade.com\/sv\/wp-json\/wp\/v2\/users\/2"}],"replies":[{"embeddable":true,"href":"https:\/\/truteratrade.com\/sv\/wp-json\/wp\/v2\/comments?post=900"}],"version-history":[{"count":4,"href":"https:\/\/truteratrade.com\/sv\/wp-json\/wp\/v2\/pages\/900\/revisions"}],"predecessor-version":[{"id":949,"href":"https:\/\/truteratrade.com\/sv\/wp-json\/wp\/v2\/pages\/900\/revisions\/949"}],"wp:attachment":[{"href":"https:\/\/truteratrade.com\/sv\/wp-json\/wp\/v2\/media?parent=900"}],"curies":[{"name":"wp","href":"https:\/\/api.w.org\/{rel}","templated":true}]}}